{"id":10867,"date":"2020-09-21T13:25:06","date_gmt":"2020-09-21T12:25:06","guid":{"rendered":"https:\/\/www.wroblewski.krakow.pl\/?page_id=10867"},"modified":"2020-09-22T12:26:17","modified_gmt":"2020-09-22T11:26:17","slug":"deklaracja-dostepnosci","status":"publish","type":"page","link":"https:\/\/www.wroblewski.krakow.pl\/?page_id=10867","title":{"rendered":"Deklaracja dost\u0119pno\u015bci"},"content":{"rendered":"<p><b>Deklaracja dost\u0119pno\u015bci IX Liceum Og\u00f3lnokszta\u0142c\u0105cego im. Zygmunta Wr\u00f3blewskiego w Krakowie<\/b><\/p>\n<p><b>\u00a0<\/b><\/p>\n<p><b>\u00a0<\/b><\/p>\n<p><b>Wst\u0119p Deklaracji<\/b><\/p>\n<p>IX Liceum Og\u00f3lnokszta\u0142c\u0105ce im. Zygmunta Wr\u00f3blewskiego w Krakowie\u00a0zobowi\u0105zuje si\u0119 zapewni\u0107 dost\u0119pno\u015b\u0107 swojej strony internetowej zgodnie z\u00a0przepisami ustawy z dnia 4\u00a0kwietnia 2019 roku o dost\u0119pno\u015bci cyfrowej stron internetowych i aplikacji mobilnych podmiot\u00f3w publicznych. O\u015bwiadczenie w sprawie dost\u0119pno\u015bci ma zastosowanie do strony internetowej\u00a0<strong>www.wroblewski.krakow.pl<\/strong><\/p>\n<p>&nbsp;<\/p>\n<p><b>IX Liceum Og\u00f3lnokszta\u0142c\u0105ce im. Zygmunta Wr\u00f3blewskiego w Krakowie<\/b>\u00a0(w skr\u00f3cie IX LO):<\/p>\n<p>Telefon: <b>+48 12\u00a0633 37 64<\/b><\/p>\n<p>E-mail:\u00a0<a href=\"mailto:sekretariat@wroblewski.krakow.pl\">sekretariat@wroblewski.krakow.pl<\/a><\/p>\n<p>Adres korespondencyjny: <b>ul. Czapi\u0144skiego 5, 30-048 Krak\u00f3w<\/b><\/p>\n<p>&nbsp;<\/p>\n<p>Data publikacji strony internetowej:\u00a02014-03-06.<\/p>\n<p>Data ostatniej istotnej aktualizacji:\u00a02018-09-01.<\/p>\n<p>&nbsp;<\/p>\n<p>Strona internetowa www.wroblewski.krakow.pl jest cz\u0119\u015bciowo zgodna z\u00a0ustaw\u0105 z\u00a0dnia 4 kwietnia 2019 r. o\u00a0dost\u0119pno\u015bci cyfrowej stron internetowych i\u00a0aplikacji mobilnych podmiot\u00f3w publicznych z\u00a0powodu wy\u0142\u0105cze\u0144 wymienionych poni\u017cej:<\/p>\n<ul>\n<li>niekt\u00f3re zamieszczone na stronie publikacje w\u00a0formie plik\u00f3w PDF nie s\u0105 dost\u0119pne cyfrowo w\u00a0ca\u0142o\u015bci, poniewa\u017c zosta\u0142y opublikowane przed 2018-09-23 lub nie s\u0105 wykorzystywane do realizacji bie\u017c\u0105cych zada\u0144 IX LO,<\/li>\n<li>cz\u0119\u015b\u0107 z\u00a0publikowanych zdj\u0119\u0107 nie posiada opisu alternatywnego: zosta\u0142y opublikowane przed 2018-09-23 lub nie s\u0105 wykorzystywane do realizacji bie\u017c\u0105cych zada\u0144 IX LO.<\/li>\n<\/ul>\n<p>&nbsp;<\/p>\n<p>Strona nie posiada u\u0142atwie\u0144 dla os\u00f3b z\u00a0niepe\u0142nosprawno\u015bciami. Poprawienie dost\u0119pno\u015bci strony nios\u0142oby za sob\u0105 nadmierne obci\u0105\u017cenia finansowe dla podmiotu publicznego,<\/p>\n<p>&nbsp;<\/p>\n<p>Deklaracj\u0119 sporz\u0105dzono na podstawie samooceny przeprowadzonej przez pracownika IX LO. O\u015bwiadczenie sporz\u0105dzono dnia\u00a02020-09-21.<\/p>\n<p>&nbsp;<\/p>\n<p><b>Informacje zwrotne i dane kontaktowe<\/b><\/p>\n<p>W IX LO w Krakowie do realizacji spraw w\u00a0zakresie dost\u0119pno\u015bci cyfrowej wyznaczona jest obs\u0142uga sekretariatu, e-mail:\u00a0<b><span style=\"text-decoration: underline;\"><a href=\"mailto:sekretariat@wroblewski.krakow.pl\">sekretariat@wroblewski.krakow.pl<\/a><\/span><\/b>, telefon:\u00a0<b>12 \u00a0633 37 64<\/b> (dotyczy powiadomie\u0144 o\u00a0braku dost\u0119pno\u015bci cyfrowej oraz \u017c\u0105da\u0144 zapewnienia dost\u0119pno\u015bci cyfrowej).<\/p>\n<p>&nbsp;<\/p>\n<p>Uprzejmie informujemy, \u017ce zgodnie z\u00a0ustaw\u0105 z\u00a0dnia 4\u00a0kwietnia 2019 r. o\u00a0dost\u0119pno\u015bci cyfrowej stron internetowych i\u00a0aplikacji mobilnych podmiot\u00f3w publicznych ka\u017cdy ma prawo wyst\u0105pi\u0107 do podmiotu publicznego z\u00a0\u017c\u0105daniem udost\u0119pnienia cyfrowego wskazanej strony internetowej, aplikacji mobilnej lub ich element\u00f3w, ewentualnie zapewnienia dost\u0119pu alternatywnego, na warunkach okre\u015blonych w\u00a0ustawie. W\u00a0przypadku odmowy wnosz\u0105cy \u017c\u0105danie mo\u017cne z\u0142o\u017cy\u0107 skarg\u0119 z\u00a0zastosowaniem przepis\u00f3w ustawy z\u00a0dnia 14 czerwca 1960 r. Kodeks post\u0119powania administracyjnego, a\u00a0tak\u017ce powiadomi\u0107 Rzecznika Praw Obywatelskich:\u00a0<a title=\"Strona internetowa Rzecznika Praw Obywatelskich\" href=\"https:\/\/www.rpo.gov.pl\/\" target=\"_blank\"><b>www.rpo.gov.pl<\/b><\/a><\/p>\n<p><b>\u00a0<\/b><\/p>\n<p><b>\u00a0<\/b><\/p>\n<p><b>Dost\u0119pno\u015b\u0107 architektoniczna<\/b><\/p>\n<p>Siedziba IX Liceum Og\u00f3lnokszta\u0142c\u0105cego im. Zygmunta Wr\u00f3blewskiego:\u00a0ul. Czapi\u0144skiego 5, 30-048 Krak\u00f3w, spe\u0142nia minimalne wymagania zgodne z\u00a0ustaw\u0105 z\u00a0dnia 19 lipca 2019 r. o\u00a0zapewnianiu dost\u0119pno\u015bci osobom ze szczeg\u00f3lnymi potrzebami.<\/p>\n<p>&nbsp;<\/p>\n<p><b>W zakresie dost\u0119pno\u015bci architektonicznej:<\/b><\/p>\n<ol start=\"1\">\n<li>przestrzenie komunikacyjne budynku s\u0105 wolne od barier poziomych (komunikacja pozioma &#8211; korytarze na jednym poziomie), przestrzenie komunikacyjne budynku nie s\u0105 wolne od barier pionowych (komunikacja pionowa \u2013 schody; nie ma wind\/ windy)<\/li>\n<li>istnieje rozwi\u0105zanie architektoniczne \u2013 rampa podjazdowa &#8211; umo\u017cliwiaj\u0105ca dost\u0119p do pomieszcze\u0144 na parterze<\/li>\n<li>zapewniona jest informacja na temat rozk\u0142adu pomieszcze\u0144 w budynku, w spos\u00f3b wizualny &#8211; tablice informacyjne oraz portier<\/li>\n<li>zapewnienie osobom ze szczeg\u00f3lnymi potrzebami mo\u017cliwo\u015bci ewakuacji lub ich uratowania w\u00a0inny spos\u00f3b &#8211; oznaczenia dr\u00f3g ewakuacyjnych, szkolenia i instrukcje dla os\u00f3b funkcyjnych z zakresu ochrony przeciwpo\u017carowej i zasad post\u0119powania na wypadek ewakuacji<\/li>\n<\/ol>\n<p>&nbsp;<\/p>\n<p><b>W zakresie dost\u0119pno\u015bci informacyjno-komunikacyjnej:<\/b><\/p>\n<ol start=\"1\">\n<li>zapewnienie komunikacji ze szko\u0142\u0105 na wniosek osoby ze szczeg\u00f3lnymi potrzebami w formie okre\u015blonej w tym wniosku &#8211; pracownik schodzi do klienta po zawiadomieniu przez osob\u0119 wnioskuj\u0105c\u0105 lub bezpo\u015brednio przez portiera o konieczno\u015bci obs\u0142ugi klienta z niepe\u0142nosprawno\u015bci\u0105 ruchow\u0105<\/li>\n<\/ol>\n<p>&nbsp;<\/p>\n<p style=\"text-align: right;\">Krak\u00f3w, 22 wrze\u015bnia 2020 r.<\/p>\n","protected":false},"excerpt":{"rendered":"<p>Deklaracja dost\u0119pno\u015bci IX Liceum Og\u00f3lnokszta\u0142c\u0105cego im. Zygmunta Wr\u00f3blewskiego w Krakowie \u00a0 \u00a0 Wst\u0119p Deklaracji IX Liceum Og\u00f3lnokszta\u0142c\u0105ce im. Zygmunta Wr\u00f3blewskiego w Krakowie\u00a0zobowi\u0105zuje si\u0119 zapewni\u0107 dost\u0119pno\u015b\u0107 swojej strony internetowej zgodnie z\u00a0przepisami ustawy z dnia 4\u00a0kwietnia 2019 roku o dost\u0119pno\u015bci cyfrowej stron internetowych i aplikacji mobilnych podmiot\u00f3w publicznych. O\u015bwiadczenie w sprawie dost\u0119pno\u015bci ma zastosowanie do strony internetowej\u00a0www.wroblewski.krakow.pl &nbsp; IX Liceum Og\u00f3lnokszta\u0142c\u0105ce im. Zygmunta Wr\u00f3blewskiego w Krakowie\u00a0(w skr\u00f3cie IX LO): Telefon: +48 12\u00a0633 37 64 E-mail:\u00a0sekretariat@wroblewski.krakow.pl Adres korespondencyjny: ul. Czapi\u0144skiego 5, 30-048 Krak\u00f3w &nbsp; Data publikacji strony internetowej:\u00a02014-03-06. Data ostatniej istotnej aktualizacji:\u00a02018-09-01. &nbsp; Strona internetowa www.wroblewski.krakow.pl jest cz\u0119\u015bciowo zgodna z\u00a0ustaw\u0105 z\u00a0dnia 4 kwietnia [&hellip;]<\/p>\n","protected":false},"author":2,"featured_media":0,"parent":0,"menu_order":0,"comment_status":"closed","ping_status":"closed","template":"","meta":[],"_links":{"self":[{"href":"https:\/\/www.wroblewski.krakow.pl\/index.php?rest_route=\/wp\/v2\/pages\/10867"}],"collection":[{"href":"https:\/\/www.wroblewski.krakow.pl\/index.php?rest_route=\/wp\/v2\/pages"}],"about":[{"href":"https:\/\/www.wroblewski.krakow.pl\/index.php?rest_route=\/wp\/v2\/types\/page"}],"author":[{"embeddable":true,"href":"https:\/\/www.wroblewski.krakow.pl\/index.php?rest_route=\/wp\/v2\/users\/2"}],"replies":[{"embeddable":true,"href":"https:\/\/www.wroblewski.krakow.pl\/index.php?rest_route=%2Fwp%2Fv2%2Fcomments&post=10867"}],"version-history":[{"count":3,"href":"https:\/\/www.wroblewski.krakow.pl\/index.php?rest_route=\/wp\/v2\/pages\/10867\/revisions"}],"predecessor-version":[{"id":10880,"href":"https:\/\/www.wroblewski.krakow.pl\/index.php?rest_route=\/wp\/v2\/pages\/10867\/revisions\/10880"}],"wp:attachment":[{"href":"https:\/\/www.wroblewski.krakow.pl\/index.php?rest_route=%2Fwp%2Fv2%2Fmedia&parent=10867"}],"curies":[{"name":"wp","href":"https:\/\/api.w.org\/{rel}","templated":true}]}}