{"id":1129,"date":"2014-06-20T17:55:33","date_gmt":"2014-06-20T16:55:33","guid":{"rendered":"https:\/\/www.wroblewski.krakow.pl\/?page_id=1129"},"modified":"2022-12-27T12:52:29","modified_gmt":"2022-12-27T11:52:29","slug":"redakcja","status":"publish","type":"page","link":"https:\/\/www.wroblewski.krakow.pl\/?page_id=1129","title":{"rendered":"Redakcja"},"content":{"rendered":"<p><b>Webmaster i administrator<\/b><\/p>\n<p>mgr Adam Moszczy\u0144ski, absolwent 2002<\/p>\n<p>&nbsp;<\/p>\n<p><b>Redakcja i aktualizacja bie\u017c\u0105ca<\/b><\/p>\n<p>od 2007 roku mgr Aleksandra Pagacz-Pociask, nauczycielka j\u0119zyka niemieckiego, dyrektor@wroblewski.krakow.pl<\/p>\n<p>we wsp\u00f3\u0142pracy:<\/p>\n<p>mgr Dzianis Sukhavarau,\u00a0nauczyciel bibliotekarz (2020\/2021 &#8211; 2021\/2022)<\/p>\n<p>mgr Paulina W\u00f3jtowicz, nauczycielka j\u0119zyka polskiego (2018\/2019 &#8211; 2021\/2022)<\/p>\n<p>mgr Magdalena Skupie\u0144, nauczyciel bibliotekarz (2018\/2019 &#8211; 2020\/2021)<\/p>\n<p>&nbsp;<\/p>\n<p>&nbsp;<\/p>\n<div align=\"center\">\n<hr align=\"center\" size=\"2\" width=\"100%\" \/>\n<\/div>\n<div>\n<p>&nbsp;<\/p>\n<\/div>\n<p><b>Historia strony internetowej IX Liceum<\/b><\/p>\n<p>Obecn\u0105 stron\u0119 internetow\u0105 zaprojektowali Pani Aleksandra Pagacz-Pociask i Pan Adam Moszczy\u0144ski, a wykona\u0142a j\u0105 w 2013 roku firma <b>Morio Web<\/b>, kt\u00f3rej w\u0142a\u015bcicielem jest Pan Adam Moszczy\u0144ski. Szata graficzna strony oraz logo\u00a0 szko\u0142y zosta\u0142y zmienione we wrze\u015bniu 2018 roku.<\/p>\n<p>Witryn\u0119, kt\u00f3ra funkcjonowa\u0142a w latach 2007-2013 zaprojektowa\u0142a Pani Aleksandra Pagacz-Pociask a wykona\u0142 j\u0105 w 2006 roku, w &#8222;html&#8221; Pan Krzysztof \u015alusarczyk &#8211; absolwent 2003. W roku 2008 Pan Adam Moszczy\u0144ski, we wsp\u00f3\u0142pracy z uczniem Bart\u0142omiejem Kopiniakiem &#8211; przebudowa\u0142 j\u0105 ca\u0142kowicie na j\u0119zyk &#8222;php&#8221;, udoskonali\u0142 skrypt spisu absolwent\u00f3w, opracowa\u0142 skrypt do spisu nauczycieli oraz usun\u0105\u0142 wszelkie usterki.<\/p>\n<p>Pierwsz\u0105 stron\u0119 internetow\u0105 IX Liceum zaprojektowa\u0142 i wykona\u0142 w 2003 roku w &#8222;html&#8221; ucze\u0144 kl. 1 b Grzegorz Troja\u0144ski. Jej aktualizacj\u0105 zajmowa\u0142 si\u0119 nauczyciel fizyki Pan Jacek Skoczylas.<\/p>\n","protected":false},"excerpt":{"rendered":"<p>Webmaster i administrator mgr Adam Moszczy\u0144ski, absolwent 2002 &nbsp; Redakcja i aktualizacja bie\u017c\u0105ca od 2007 roku mgr Aleksandra Pagacz-Pociask, nauczycielka j\u0119zyka niemieckiego, dyrektor@wroblewski.krakow.pl we wsp\u00f3\u0142pracy: mgr Dzianis Sukhavarau,\u00a0nauczyciel bibliotekarz (2020\/2021 &#8211; 2021\/2022) mgr Paulina W\u00f3jtowicz, nauczycielka j\u0119zyka polskiego (2018\/2019 &#8211; 2021\/2022) mgr Magdalena Skupie\u0144, nauczyciel bibliotekarz (2018\/2019 &#8211; 2020\/2021) &nbsp; &nbsp; &nbsp; Historia strony internetowej IX Liceum Obecn\u0105 stron\u0119 internetow\u0105 zaprojektowali Pani Aleksandra Pagacz-Pociask i Pan Adam Moszczy\u0144ski, a wykona\u0142a j\u0105 w 2013 roku firma Morio Web, kt\u00f3rej w\u0142a\u015bcicielem jest Pan Adam Moszczy\u0144ski. Szata graficzna strony oraz logo\u00a0 szko\u0142y zosta\u0142y zmienione we wrze\u015bniu 2018 roku. Witryn\u0119, kt\u00f3ra funkcjonowa\u0142a w latach [&hellip;]<\/p>\n","protected":false},"author":5,"featured_media":0,"parent":0,"menu_order":0,"comment_status":"closed","ping_status":"closed","template":"","meta":[],"_links":{"self":[{"href":"https:\/\/www.wroblewski.krakow.pl\/index.php?rest_route=\/wp\/v2\/pages\/1129"}],"collection":[{"href":"https:\/\/www.wroblewski.krakow.pl\/index.php?rest_route=\/wp\/v2\/pages"}],"about":[{"href":"https:\/\/www.wroblewski.krakow.pl\/index.php?rest_route=\/wp\/v2\/types\/page"}],"author":[{"embeddable":true,"href":"https:\/\/www.wroblewski.krakow.pl\/index.php?rest_route=\/wp\/v2\/users\/5"}],"replies":[{"embeddable":true,"href":"https:\/\/www.wroblewski.krakow.pl\/index.php?rest_route=%2Fwp%2Fv2%2Fcomments&post=1129"}],"version-history":[{"count":15,"href":"https:\/\/www.wroblewski.krakow.pl\/index.php?rest_route=\/wp\/v2\/pages\/1129\/revisions"}],"predecessor-version":[{"id":14337,"href":"https:\/\/www.wroblewski.krakow.pl\/index.php?rest_route=\/wp\/v2\/pages\/1129\/revisions\/14337"}],"wp:attachment":[{"href":"https:\/\/www.wroblewski.krakow.pl\/index.php?rest_route=%2Fwp%2Fv2%2Fmedia&parent=1129"}],"curies":[{"name":"wp","href":"https:\/\/api.w.org\/{rel}","templated":true}]}}