{"id":18066,"date":"2024-10-08T19:08:13","date_gmt":"2024-10-08T18:08:13","guid":{"rendered":"https:\/\/www.wroblewski.krakow.pl\/?page_id=18066"},"modified":"2026-02-19T16:06:57","modified_gmt":"2026-02-19T15:06:57","slug":"aktualnosci-2024-2025","status":"publish","type":"page","link":"https:\/\/www.wroblewski.krakow.pl\/?page_id=18066","title":{"rendered":"Aktualno\u015bci 2024-2025"},"content":{"rendered":"<p><a href=\"https:\/\/www.wroblewski.krakow.pl\/?p=19608\">30.07.2025, Ksi\u0119ga pami\u0105tkowa IX LO w Krakowie<\/a><\/p>\n<p><a href=\"https:\/\/www.wroblewski.krakow.pl\/?p=19603\">16.07.2025, Rekrutacja 2025: wyniki rekrutacji do klas pierwszych<\/a><\/p>\n<p><a href=\"https:\/\/www.wroblewski.krakow.pl\/?p=19560\">09.07.2025, Matura 2025: wyniki egzamin\u00f3w<\/a><\/p>\n<p><a href=\"https:\/\/www.wroblewski.krakow.pl\/?p=19526\">07.07.2025, Rekrutacja 2025: informacje dla kandydat\u00f3w do klas pierwszych<\/a><\/p>\n<p><a href=\"https:\/\/www.wroblewski.krakow.pl\/?p=19490\">04.07.2025, Rekrutacja 2025<\/a><\/p>\n<p><a href=\"https:\/\/www.wroblewski.krakow.pl\/?p=19596\">01.07.2025, Spektakl Teatru Szkolnego \u201eScena\u201d pt. \u201eGwiezdne Wojny. Powr\u00f3t Jedi\u201d<\/a><\/p>\n<p><a href=\"https:\/\/www.wroblewski.krakow.pl\/?p=19555\">01.07.2025, Uroczysto\u015b\u0107 zako\u0144czenia roku szkolnego 2024-2025<\/a><\/p>\n<p><a href=\"https:\/\/www.wroblewski.krakow.pl\/?p=19481\">30.06.2025, Wydanie \u015bwiadectw dojrza\u0142o\u015bci<\/a><\/p>\n<p><a href=\"https:\/\/www.wroblewski.krakow.pl\/?p=19512\">29.06.2025, Po\u017cegnanie Pani Profesor Anny Urba\u0144skiej, w latach 2002-2018 dyrektor IX LO<\/a><\/p>\n<p><a href=\"https:\/\/www.wroblewski.krakow.pl\/?p=19472\">28.06.2025, Klasa 3a na lekcji muzealnej w Rydl\u00f3wce<\/a><\/p>\n<p><a href=\"https:\/\/www.wroblewski.krakow.pl\/?p=19469\">27.06.2025, Klasa 1b na warsztatach \u017ceglarskich w Kryspinowie<\/a><\/p>\n<p><a href=\"https:\/\/www.wroblewski.krakow.pl\/?p=19451\">26.06.2025, Klasa 1d i klasa 2e na wycieczce integracyjno-krajoznawczej w Lanckoronie<\/a><\/p>\n<p><a href=\"https:\/\/www.wroblewski.krakow.pl\/?p=19421\">25.06.2025, Integracja uczni\u00f3w klasy 1c i klasy 2c w Dolinie B\u0119dkowskiej<\/a><\/p>\n<p><a href=\"https:\/\/www.wroblewski.krakow.pl\/?p=19416\">24.06.2025, Klasa 1a i klasa 2a na wycieczce w Ci\u0119\u017ckowicach<\/a><\/p>\n<p><a href=\"https:\/\/www.wroblewski.krakow.pl\/?p=19430\">23.06.2025, Prace uczennic IX LO na Mi\u0119dzyszkolnej Wystawie Sztuki pt. \u201eGdy zamkniesz oczy\u201d<\/a><\/p>\n<p><a href=\"https:\/\/www.wroblewski.krakow.pl\/?p=19380\">18.06.2025, Wycieczka klasy 2b i klasy 3b do Szwajcarii<\/a><\/p>\n<p><a href=\"https:\/\/www.wroblewski.krakow.pl\/?p=19373\">17.06.2025, Wyj\u015bcie klasy 3d do Nowohuckiego Centrum Kultury<\/a><\/p>\n<p><a href=\"https:\/\/www.wroblewski.krakow.pl\/?p=19364\">16.06.2025, Przyrodnicza sobota uczni\u00f3w z klasy 2c i 2d na Salwatorze<\/a><\/p>\n<p><a href=\"https:\/\/www.wroblewski.krakow.pl\/?p=19359\">13.06.2025, Wyj\u015bcie klasy 2c do Muzeum Armii Krajowej na spektakl pt. \u201eNil\u201d<\/a><\/p>\n<p><a href=\"https:\/\/www.wroblewski.krakow.pl\/?p=19355\">12.06.2025, Podzi\u0119kowanie dla spo\u0142eczno\u015bci IX LO za udzia\u0142 w akcji charytatywnej dla fundacji Alma Spei<\/a><\/p>\n<p><a href=\"https:\/\/www.wroblewski.krakow.pl\/?p=19352\">09.06.2025, Wyj\u015bcie klasy 1b (mat-fiz) do Teatru STU na spektakl pt. \u201eS\u0142uga dw\u00f3ch pan\u00f3w\u201d<\/a><\/p>\n<p><a href=\"https:\/\/www.wroblewski.krakow.pl\/?p=19292\">06.06.2025, Derby IX LO vs. VII LO \u2013 sportowa rywalizacja, integracja i dobra zabawa! <\/a><\/p>\n<p><a href=\"https:\/\/www.wroblewski.krakow.pl\/?p=19284\">05.06.2025, Klasa 3e na warsztatach w Urz\u0119dzie Marsza\u0142kowskim Wojew\u00f3dztwa Ma\u0142opolskiego <\/a><\/p>\n<p><a href=\"https:\/\/www.wroblewski.krakow.pl\/?p=19275\">04.06.2025, Uczniowie IX LO jako wolontariusze krakowskiego Biegu Wolno\u015bci i Poloneza Wolno\u015bci <\/a><\/p>\n<p><a href=\"https:\/\/www.wroblewski.krakow.pl\/?p=19264\">02.06.2025, Wyniki Szkolnego Konkursu Wiedzy o W\u0142oszech<\/a><\/p>\n<p><a href=\"https:\/\/www.wroblewski.krakow.pl\/?p=19266\">30.05.2025, Zaj\u0119cia profilaktyczne z funkcjonariuszem Policji we \u201eWr\u00f3blewskim\u201d<\/a><\/p>\n<p><a href=\"https:\/\/www.wroblewski.krakow.pl\/?p=19256\">28.05.2025, Wyj\u015bcie Samorz\u0105du Uczniowskiego \u201eWr\u00f3blewskiego\u201d podsumowuj\u0105ce ca\u0142oroczn\u0105 dzia\u0142alno\u015b\u0107 <\/a><\/p>\n<p><a href=\"https:\/\/www.wroblewski.krakow.pl\/?p=19252\">27.05.2025, Piotr Oleszkowicz (1b) najlepszym fizykiem \u201eWr\u00f3blewskiego\u201d!<\/a><\/p>\n<p><a href=\"https:\/\/www.wroblewski.krakow.pl\/?p=19244\">26.05.2025, I i III miejsce uczennic z klasy 3e w konkursie historycznym \u201eCzy znasz Krak\u00f3w\u201d! <\/a><\/p>\n<p><a href=\"https:\/\/www.wroblewski.krakow.pl\/?p=19241\">23.05.2025, Szkolne Konkursy Wiedzy o W\u0142oszech i Francji<\/a><\/p>\n<p><a href=\"https:\/\/www.wroblewski.krakow.pl\/?p=19238\">19.05.2025, Jan Kruk z klasy 1b najlepszym matematykiem IX LO 2025!<\/a><\/p>\n<p><a href=\"https:\/\/www.wroblewski.krakow.pl\/?p=19230\">16.05.2025, Klasa 3c na UJ zaj\u0119ciach pt. \u201eBio jest cool 2025\u201d<\/a><\/p>\n<p><a href=\"https:\/\/www.wroblewski.krakow.pl\/?p=19223\">12.05.2025, Podsumowanie realizacji program\u00f3w profilaktycznych w IX LO w roku szkolnym 2024-2025<\/a><\/p>\n<p><a href=\"https:\/\/www.wroblewski.krakow.pl\/?p=19219\">08.05.2025, Udzia\u0142 uczni\u00f3w IX LO w projekcie Akademia Siemaszki IMPRIMIS VERBUM<\/a><\/p>\n<p><a href=\"https:\/\/www.wroblewski.krakow.pl\/?p=19215\">07.05.2025, Zwyci\u0119zcy konkurs\u00f3w w Szkolnym Festiwalu J\u0119zyka Angielskiego 2025 <\/a><\/p>\n<p><a href=\"https:\/\/www.wroblewski.krakow.pl\/?p=19157\">06.05.2025, Benedykt Dardzi\u0144ski (3e) finalist\u0105 XVIII Og\u00f3lnopolskiej Olimpiady Losy \u017co\u0142nierza i dzieje or\u0119\u017ca polskiego!<\/a><\/p>\n<p><a href=\"https:\/\/www.wroblewski.krakow.pl\/?p=19154\">05.05.2025, Wyniki szkolnego konkursu pt. Europa na talerzu 2025<\/a><\/p>\n<p><a href=\"https:\/\/www.wroblewski.krakow.pl\/?p=19145\">04.05.2025, \u017byczenia dla Maturzyst\u00f3w 2025<\/a><\/p>\n<p><a href=\"https:\/\/www.wroblewski.krakow.pl\/?p=19130\">30.04.2025, Szkolna uroczysto\u015b\u0107 z okazji \u015awi\u0119ta Narodowego Konstytucji 3-Maja<\/a><\/p>\n<p><a href=\"https:\/\/www.wroblewski.krakow.pl\/?p=19081\">25.04.2025, Uroczysto\u015b\u0107 zako\u0144czenia szko\u0142y przez uczni\u00f3w klas IV-tych<\/a><\/p>\n<p><a href=\"https:\/\/www.wroblewski.krakow.pl\/?p=19022\">22.04.2025, Ostatnie po\u017cegnanie Pana Profesora Wies\u0142awa Ogi\u0144skiego<\/a><\/p>\n<p><a href=\"https:\/\/www.wroblewski.krakow.pl\/?p=19017\">19.04.2025, \u017byczenia na Wielkanoc 2025<\/a><\/p>\n<p><a href=\"https:\/\/www.wroblewski.krakow.pl\/?p=19008\">18.04.2025, Martyna Nowak (3e) laureatk\u0105 I miejsca w kategorii poezja \u015bpiewana w 55. Festiwalu Ma\u0142ych Form Teatralnych!<\/a><\/p>\n<p><a href=\"https:\/\/www.wroblewski.krakow.pl\/?p=19005\">17.04.2025, Udzia\u0142 uczni\u00f3w IX LO w Og\u00f3lnopolskim Konkursie Chemicznym \u201eAlchemik\u201d<\/a><\/p>\n<p><a href=\"https:\/\/www.wroblewski.krakow.pl\/?p=18995\">16.04.2025, Znakomity wyst\u0119p reprezentacji \u201eWr\u00f3blewskiego\u201d w Licealiadzie Krakowskiej w biegach prze\u0142ajowych, Karolina Grzyb z\u0142ot\u0105 medalistk\u0105, Julia Urbanik i Franciszek Biernat na III miejscu!<\/a><\/p>\n<p><a href=\"https:\/\/www.wroblewski.krakow.pl\/?p=18988\">15.04.2025, IX LO na IV miejscu w Krakowskim Finale Debat Oksfordzkich<\/a><\/p>\n<p><a href=\"https:\/\/www.wroblewski.krakow.pl\/?p=18985\">15.04.2025, Siamion Tabolin (3b) laureatem Og\u00f3lnopolskiej Olimpiady o Diamentowy Indeks AGH!<\/a><\/p>\n<p><a href=\"https:\/\/www.wroblewski.krakow.pl\/?p=18979\">14.04.2025, Uczniowie klas pierwszych na spektaklu profilaktycznym pt. ,,My dzieci z dworca ZOO\u201d<\/a><\/p>\n<p><a href=\"https:\/\/www.wroblewski.krakow.pl\/?p=18941\">13.04.2025, Udzia\u0142 reprezentacji szko\u0142y w etapie wojew\u00f3dzkim konkursu j\u0119zyka niemieckiego \u201eTurbolandeskunde\u201d<\/a><\/p>\n<p><a href=\"https:\/\/www.wroblewski.krakow.pl\/?p=18934\">11.04.2025, Fina\u0142owa Gala Krakowskiej Edycji Konkursu \u201e8 Wspania\u0142ych\u201d<\/a><\/p>\n<p><a href=\"https:\/\/www.wroblewski.krakow.pl\/?p=18929\">10.04.2025, Wymiana m\u0142odzie\u017cy ze szko\u0142\u0105 w Monachium, program w Niemczech 30.03.-04.04.2025 r.<\/a><\/p>\n<p><a href=\"https:\/\/www.wroblewski.krakow.pl\/?p=18904\">09.04.2025, Zaproszenie do nabycia Ksi\u0119gi pami\u0105tkowej IX LO w Krakowie<\/a><\/p>\n<p><a href=\"https:\/\/www.wroblewski.krakow.pl\/?p=18897\">08.04.2025, Wolontariuszki \u201eWr\u00f3blewskiego\u201d na mecie Tauron Cracovia Maratonu!<\/a><\/p>\n<p><a href=\"https:\/\/www.wroblewski.krakow.pl\/?p=18891\">07.04.2025, Uczniowie IX LO jako wolontariusze podczas Biegu Nocnego<\/a><\/p>\n<p><a href=\"https:\/\/www.wroblewski.krakow.pl\/?p=18883\">06.04.2025, Rekrutacja 2025: zaproszenie na Dzie\u0144 Otwarty dla kandydat\u00f3w do klas pierwszych<\/a><\/p>\n<p><a href=\"https:\/\/www.wroblewski.krakow.pl\/?p=18886\">05.04.2025, Wyj\u015bcie do Teatru Stu na spektakl pt. S\u0142uga dw\u00f3ch pan\u00f3w<\/a><\/p>\n<p><a href=\"https:\/\/www.wroblewski.krakow.pl\/?p=18868\">04.04.2025, Klasa 2c (biol-chem) na zaj\u0119ciach na Wydziale Chemii UJ<\/a><\/p>\n<p><a href=\"https:\/\/www.wroblewski.krakow.pl\/?p=18861\">31.03.2025, Jan Lepak (3a) na 7 miejscu w VIII Og\u00f3lnopolskim Konkursie Wiedzy Krajoznawczej o Czechach!<\/a><\/p>\n<p><a href=\"https:\/\/www.wroblewski.krakow.pl\/?p=18854\">30.03.2025, Klasa 3a i klasa 3e na wycieczce w Pradze<\/a><\/p>\n<p><a href=\"https:\/\/www.wroblewski.krakow.pl\/?p=18844\">28.03.2025, \u201eWr\u00f3blewski\u201d na targach edukacyjnych dla \u00f3smoklasist\u00f3w<\/a><\/p>\n<p><a href=\"https:\/\/www.wroblewski.krakow.pl\/?p=18834\">27.03.2025, Warsztaty edukacyjne z wykorzystaniem symulatora staro\u015bci GERT<\/a><\/p>\n<p><a href=\"https:\/\/www.wroblewski.krakow.pl\/?p=18828\">26.03.2025, Klasa 2a zwiedzi\u0142a Katedr\u0119 na Wawelu<\/a><\/p>\n<p><a href=\"https:\/\/www.wroblewski.krakow.pl\/?p=18802\">25.03.2025, Zaproszenie do udzia\u0142u w szkolnym konkursie pt. \u201eEuropa na talerzu\u201d<\/a><\/p>\n<p><a href=\"https:\/\/www.wroblewski.krakow.pl\/?p=18825\">25.03.2025, Spotkanie klasy 3b z uczniami z Japonii<\/a><\/p>\n<p><a href=\"https:\/\/www.wroblewski.krakow.pl\/?p=18795\">23.03.2025, Klasa 3e w S\u0105dzie Okr\u0119gowym w Krakowie<\/a><\/p>\n<p><a href=\"https:\/\/www.wroblewski.krakow.pl\/?p=18782\">22.03.2025, Klasa 3d na Wydziale Nauk o Zdrowiu Collegium Medicum UJ<\/a><\/p>\n<p><a href=\"https:\/\/www.wroblewski.krakow.pl\/?p=18788\">21.03.2025, Warsztaty udzielania pierwszej pomocy w klasie 2b<\/a><\/p>\n<p><a href=\"https:\/\/www.wroblewski.krakow.pl\/?p=18771\">20.03.2025, Prezentacja projektu literackiego pt. \u201ePisarze (nie)amatorzy\u201d<\/a><\/p>\n<p><a href=\"https:\/\/www.wroblewski.krakow.pl\/?p=18753\">17.03.2025, Mi\u0119dzynarodowy Konkurs \u201eKangur Matematyczny\u201d<\/a><\/p>\n<p><a href=\"https:\/\/www.wroblewski.krakow.pl\/?p=18743\">13.03.2025, Wizyta uczni\u00f3w z Grecji, ze szko\u0142y EPAL Neapolis w Salonikach<\/a><\/p>\n<p><a href=\"https:\/\/www.wroblewski.krakow.pl\/?p=18737\">11.03.2025, \u201eWr\u00f3blewski\u201d na spektaklu \u201eHamlet\u201d w Teatrze STU<\/a><\/p>\n<p><a href=\"https:\/\/www.wroblewski.krakow.pl\/?p=18727\">10.03.2025, Uczniowie klasy 2c i klasy 2d na wycieczce w Wiedniu<\/a><\/p>\n<p><a href=\"https:\/\/www.wroblewski.krakow.pl\/?p=18704\">07.03.2025, Szkolny Festiwal J\u0119zyka Angielskiego \u2013 zaproszenie do udzia\u0142u w konkursach<\/a><\/p>\n<p><a href=\"https:\/\/www.wroblewski.krakow.pl\/?p=18701\">05.03.2025, Jan Lepak (3a) w etapie og\u00f3lnopolskim Konkursu Wiedzy Krajoznawczej o Republice Czeskiej<\/a><\/p>\n<p><a href=\"https:\/\/www.wroblewski.krakow.pl\/?p=18698\">04.03.2025, Uczniowie z klasy 3e oraz 2a w Teatrze STU na spektaklu pt. \u201eWesele\u201d<\/a><\/p>\n<p><a href=\"https:\/\/www.wroblewski.krakow.pl\/?p=18691\">03.03.2025, Wyjazd Samorz\u0105du Uczniowskiego na narty<\/a><\/p>\n<p><a href=\"https:\/\/www.wroblewski.krakow.pl\/?p=18684\">28.02.2025, Akcja Samorz\u0105du Uczniowskiego z okazji Dnia J\u0119zyka Ojczystego i t\u0142ustego czwartku<\/a><\/p>\n<p><a href=\"https:\/\/www.wroblewski.krakow.pl\/?p=18671\">26.02.2025, Udzia\u0142 \u201eWr\u00f3blewskiego\u201d w Licealiadzie w narciarstwie alpejskim<\/a><\/p>\n<p><a href=\"https:\/\/www.wroblewski.krakow.pl\/?p=18676\">25.02.2025, \u201eWr\u00f3blewski\u201d na spektaklu pt. \u201eCarmen\u201d w Operze Krakowskiej<\/a><\/p>\n<p><a href=\"https:\/\/www.wroblewski.krakow.pl\/?p=18653\">19.02.2025, Udzia\u0142 koszykarek \u201eWr\u00f3blewskiego\u201d w p\u00f3\u0142finale Licealiady<\/a><\/p>\n<p><a href=\"https:\/\/www.wroblewski.krakow.pl\/?p=18647\">19.02.2025, Akcje walentynkowe zorganizowane przez Samorz\u0105d Uczniowski<\/a><\/p>\n<p><a href=\"https:\/\/www.wroblewski.krakow.pl\/?p=18641\">15.02.2025, Klasa 3a na lekcji muzealnej w Muzeum Mehoffera<\/a><\/p>\n<p><a href=\"https:\/\/www.wroblewski.krakow.pl\/?p=18636\">14.02.2025, Sukcesy uczni\u00f3w z klasy 3e: \u0141ucji Gilowskiej i Benedykta Dardzi\u0144skiego<\/a><\/p>\n<p><a href=\"https:\/\/www.wroblewski.krakow.pl\/?p=18628\">13.02.2025, Klasa 1b (mat-fiz) w Muzeum Lotnictwa<\/a><\/p>\n<p><a href=\"https:\/\/www.wroblewski.krakow.pl\/?p=18624\">12.02.2025, Daniel Karnia (3c) uzyska\u0142 indeks Politechniki Gda\u0144skiej!<\/a><\/p>\n<p><a href=\"https:\/\/www.wroblewski.krakow.pl\/?p=18616\">11.02.2025, Kiermasz ciast zorganizowany przez Samorz\u0105d Uczniowski \u201eWr\u00f3blewskiego\u201d<\/a><\/p>\n<p><a href=\"https:\/\/www.wroblewski.krakow.pl\/?p=18609\">09.02.2025, Aleksandra Szot i Jakub Marek w etapie okr\u0119gowym Olimpiady Geograficznej!<\/a><\/p>\n<p><a href=\"https:\/\/www.wroblewski.krakow.pl\/?p=18602\">08.02.2025, Spotkanie ze wsp\u00f3\u0142autorem ksi\u0105\u017cki pt. \u201ePtaki krzycz\u0105 nieustannie\u201d<\/a><\/p>\n<p><a href=\"https:\/\/www.wroblewski.krakow.pl\/?p=18590\">07.02.2025, Klasa 1c w Muzeum Farmacji CM UJ<\/a><\/p>\n<p><a href=\"https:\/\/www.wroblewski.krakow.pl\/?p=18584\">06.02.2025, Klasa 3c w Muzeum Anatomii CM UJ<\/a><\/p>\n<p><a href=\"https:\/\/www.wroblewski.krakow.pl\/?p=18597\">05.02.2025, Zofia R\u00f3\u017ca Gargul na II miejscu w p\u00f3\u0142finale XXII Krakowskiego Konkursu Recytatorskiego<\/a><\/p>\n<p><a href=\"https:\/\/www.wroblewski.krakow.pl\/?p=18581\">04.02.2025, Siamion Tabolin (3b) i Jan Sie\u0144ko (4a) w etapie okr\u0119gowym Olimpiady o Diamentowy Indeks AGH!<\/a><\/p>\n<p><a href=\"https:\/\/www.wroblewski.krakow.pl\/?p=18578\">03.02.2025, Nina P\u0105czek (3c) w II etapie konkursu \u201eLab Test\u201d<\/a><\/p>\n<p><a href=\"https:\/\/www.wroblewski.krakow.pl\/?p=18572\">17.01.2025, Udzia\u0142 reprezentacji siatk\u00f3wki dziewcz\u0105t w Licealiadzie<\/a><\/p>\n<p><a href=\"https:\/\/www.wroblewski.krakow.pl\/?p=18558\">15.01.2025, Kacper Gaczorek stypendyst\u0105 Prezesa Rady Ministr\u00f3w na rok szkolny 2024-2025<\/a><\/p>\n<p><a href=\"https:\/\/www.wroblewski.krakow.pl\/?p=18568\">13.01.2025, Reprezentacja Wolontariatu uczniowskiego na spotkaniu op\u0142atkowym \u201eStowarzyszenia Pomocy Polakom na Kresach Wschodnich\u201d<\/a><\/p>\n<p><a href=\"https:\/\/www.wroblewski.krakow.pl\/?p=18555\">11.01.2025, Udzia\u0142 reprezentacji siatk\u00f3wki ch\u0142opc\u00f3w w Licealiadzie<\/a><\/p>\n<p><a href=\"https:\/\/www.wroblewski.krakow.pl\/?p=18548\">10.01.2025, Udzia\u0142 dru\u017cyny koszyk\u00f3wki ch\u0142opc\u00f3w w Turnieju Noworocznym w VII LO<\/a><\/p>\n<p><a href=\"https:\/\/www.wroblewski.krakow.pl\/?p=18546\">08.01.2025, Og\u0142oszenie wynik\u00f3w Szkolnego Konkursu Mitologicznego<\/a><\/p>\n<p><a href=\"https:\/\/www.wroblewski.krakow.pl\/?p=18525\">26.12.2024, Ostatnie po\u017cegnanie Pana Profesora Ryszarda Maderaka<\/a><\/p>\n<p><a href=\"https:\/\/www.wroblewski.krakow.pl\/?p=18520\">20.12.2024, Szkolna Wigilia 2024 we \u201eWr\u00f3blewskim\u201d<\/a><\/p>\n<p><a href=\"https:\/\/www.wroblewski.krakow.pl\/?p=18476\">19.12.2024, Maria Szewczyk i Karolina Baster wicemistrzyniami Krakowa w Licealiadzie w tenisie sto\u0142owym!<\/a><\/p>\n<p><a href=\"https:\/\/www.wroblewski.krakow.pl\/?p=18442\">18.12.2024, \u201eWr\u00f3blewski\u201d z darami na Bo\u017ce Narodzenie dla Rodak\u00f3w na Kresach<\/a><\/p>\n<p><a href=\"https:\/\/www.wroblewski.krakow.pl\/?p=18437\">13.12.2024, Spotkanie z Piotrem Fugielem, \u015bwiadkiem najnowszej historii \u2013 13 grudnia 1981 roku<\/a><\/p>\n<p><a href=\"https:\/\/www.wroblewski.krakow.pl\/?p=18415\">11.12.2024, Klasa 4e (pol-hist-wos) w Muzeum Schindlera<\/a><\/p>\n<p><a href=\"https:\/\/www.wroblewski.krakow.pl\/?p=18412\">07.12.2024, \u201eWr\u00f3blewski\u201d w Teatrze STU na spektaklu pt. \u201eZemsta\u201d<\/a><\/p>\n<p><a href=\"https:\/\/www.wroblewski.krakow.pl\/?p=18397\">06.12.2024, Miko\u0142ajkowa akcja Samorz\u0105du Uczniowskiego \u201eWr\u00f3blewskiego\u201d<\/a><\/p>\n<p><a href=\"https:\/\/www.wroblewski.krakow.pl\/?p=18393\">04.12.2024, Udzia\u0142 reprezentacji \u201eWr\u00f3blewskiego\u201d w Licealiadzie w koszyk\u00f3wce ch\u0142opc\u00f3w<\/a><\/p>\n<p><a href=\"https:\/\/www.wroblewski.krakow.pl\/?p=18390\">03.12.2024, Wyniki etapu szkolnego XXIII Olimpiady Wiedzy o Afryce<\/a><\/p>\n<p><a href=\"https:\/\/www.wroblewski.krakow.pl\/?p=18387\">28.11.2024, Reprezentacja \u201eWr\u00f3blewskiego\u201d w Licealiadzie w p\u0142ywaniu indywidualnym<\/a><\/p>\n<p><a href=\"https:\/\/www.wroblewski.krakow.pl\/?p=18381\">28.11.2024, Zaproszenie do udzia\u0142u w szkolnym konkursie pt. \u201eMitologia wczoraj i dzi\u015b\u201d<\/a><\/p>\n<p><a href=\"https:\/\/www.wroblewski.krakow.pl\/?p=18371\">26.11.2024, Dzie\u0144 studyjny klas maturalnych w Muzeum Auschwitz-Birkenau<\/a><\/p>\n<p><a href=\"https:\/\/www.wroblewski.krakow.pl\/?p=18362\">25.11.2024, Awans koszykarek \u201eWr\u00f3blewskiego\u201d do p\u00f3\u0142fina\u0142\u00f3w Licealiady!<\/a><\/p>\n<p><a href=\"https:\/\/www.wroblewski.krakow.pl\/?p=18343\">23.11.2024, Zwyci\u0119stwo Zofii R\u00f3\u017cy Gargul w Zwierzynieckim Konkursie Recytatorskim<\/a><\/p>\n<p><a href=\"https:\/\/www.wroblewski.krakow.pl\/?p=18333\">21.11.2024, Klasa 2c i klasa 4c na pokazach kriogenicznych na Wydziale Chemii UJ<\/a><\/p>\n<p><a href=\"https:\/\/www.wroblewski.krakow.pl\/?p=18330\">17.11.2024, Wycieczka klasy 3c i 3d do Budapesztu, 13-14-15.11.2024 r.<\/a><\/p>\n<p><a href=\"https:\/\/www.wroblewski.krakow.pl\/?p=18306\">16.11.2024, Klasy humanistyczne 2e i 3e obejrza\u0142y wystaw\u0119 pt. \u201eNiech \u017cyje kr\u00f3l! Koronacje Sas\u00f3w na Wawelu\u201d<\/a><\/p>\n<p><a href=\"https:\/\/www.wroblewski.krakow.pl\/?p=18288\">15.11.2024, Klasa 1c i 1d na spotkaniu z prof. Agnieszk\u0105 Dziub\u0105 pt. \u201ePo co w XXI wieku mitologia?\u201d<\/a><\/p>\n<p><a href=\"https:\/\/www.wroblewski.krakow.pl\/?p=18281\">14.11.2024, Klasa 2c (biol-chem) pracowa\u0142a metod\u0105 badawcz\u0105 IBSE na lekcji chemii<\/a><\/p>\n<p><a href=\"https:\/\/www.wroblewski.krakow.pl\/?p=18276\">12.11.2024, Uczniowie IX LO w mi\u0119dzynarodowym projekcie pt. \u201eFrom Footprint to Hand Print: How to Leave a Mark\u201d<\/a><\/p>\n<p><a href=\"https:\/\/www.wroblewski.krakow.pl\/?p=18230\">10.11.2024, \u201eWr\u00f3blewski\u201d na spotkaniu z pisarzami w ramach Festiwalu Trakl-Tat 2024<\/a><\/p>\n<p><a href=\"https:\/\/www.wroblewski.krakow.pl\/?p=18225\">07.11.2024, \u015awi\u0119to Niepodleg\u0142o\u015bci w IX Liceum Og\u00f3lnokszta\u0142c\u0105cym im. Z. Wr\u00f3blewskiego<\/a><\/p>\n<p><a href=\"https:\/\/www.wroblewski.krakow.pl\/?p=18187\">05.11.2024, Klasa 2b na warsztatach rozpoznawania fake news\u00f3w<\/a><\/p>\n<p><a href=\"https:\/\/www.wroblewski.krakow.pl\/?p=18179\">04.11.2024, III edycja akcji pt. \u201eAdwokaci rozja\u015bniaj\u0105 prawo\u201d w IX LO<\/a><\/p>\n<p><a href=\"https:\/\/www.wroblewski.krakow.pl\/?p=18170\">30.10.2024, Wyniki wybor\u00f3w na przewodnicz\u0105cego Samorz\u0105du Uczniowskiego<\/a><\/p>\n<p><a href=\"https:\/\/www.wroblewski.krakow.pl\/?p=18163\">29.10.2024, \u201eZrzu\u0107cie maski! Zwyk\u0142ymi sta\u0144cie si\u0119 lud\u017ami!\u201d, podsumowanie Targ\u00f3w Ksi\u0105\u017cki w Krakowie 2024<\/a><\/p>\n<p><a href=\"https:\/\/www.wroblewski.krakow.pl\/?p=18159\">28.10.2024, Klasy 3b, 3d, 3e na warsztatach: Wir trinken einen \u201eKafka\u201d w Goethe-Institut<\/a><\/p>\n<p><a href=\"https:\/\/www.wroblewski.krakow.pl\/?p=18145\">25.10.2024, Humani\u015bci \u201eWr\u00f3blewskiego\u201d na spektaklu \u201eAmbro\u017cy Grabowski, czyli\u2026\u201d<\/a><\/p>\n<p><a href=\"https:\/\/www.wroblewski.krakow.pl\/?p=18136\">23.10.2024, Klasa 3c (biol-chem) na warsztatach na temat uk\u0142adu kr\u0105\u017cenia<\/a><\/p>\n<p><a href=\"https:\/\/www.wroblewski.krakow.pl\/?p=18130\">17.10.2024, \u015alubowanie klas pierwszych, \u015awi\u0119to Komisji Edukacji Narodowej<\/a><\/p>\n<p><a href=\"https:\/\/www.wroblewski.krakow.pl\/?p=18086\">16.10.2024, Torby z podobizn\u0105 Patrona IX LO<\/a><\/p>\n<p><a href=\"https:\/\/www.wroblewski.krakow.pl\/?p=18083\">11.10.2024, Klasa 2e na lekcji muzealnej w Collegium Maius<\/a><\/p>\n<p><a href=\"https:\/\/www.wroblewski.krakow.pl\/?p=18080\">10.10.2024, Humani\u015bci \u201eWr\u00f3blewskiego\u201d na wieczornym spektaklu w Teatrze Bagatela<\/a><\/p>\n<p><a href=\"https:\/\/www.wroblewski.krakow.pl\/?p=18076\">09.10.2024, Wybory Przewodnicz\u0105cego Samorz\u0105du Uczniowskiego \u201eWr\u00f3blewskiego\u201d!<\/a><\/p>\n<p><a href=\"https:\/\/www.wroblewski.krakow.pl\/?p=18049\">08.10.2024, Klasa 4b na zaj\u0119ciach doradztwa zawodowego w firmie Cummins<\/a><\/p>\n<p><a href=\"https:\/\/www.wroblewski.krakow.pl\/?p=18031\">07.10.2024, Klasa 2a i klasa 2e na wycieczce we Wroc\u0142awiu<\/a><\/p>\n<p><a href=\"https:\/\/www.wroblewski.krakow.pl\/?p=18009\">30.09.2024, Wyjazd krajoznawczo-integracyjny klas pierwszych, Muszyna 25-26-27.09.2024<\/a><\/p>\n<p><a href=\"https:\/\/www.wroblewski.krakow.pl\/?p=17961\">29.09.2024, Wojciech M\u0142ynarczyk br\u0105zowym medalist\u0105 Mistrzostw Polski U-23 w biegu sztafetowym!<\/a><\/p>\n<p><a href=\"https:\/\/www.wroblewski.krakow.pl\/?p=17951\">26.09.2024, Spotkanie z prokuratorem Piotrem Kosmatym, absolwentem szko\u0142y<\/a><\/p>\n<p><a href=\"https:\/\/www.wroblewski.krakow.pl\/?p=17942\">25.09.2024, Wyj\u015bcie klasy 2c do Ogrodu Botanicznego UJ<\/a><\/p>\n<p><a href=\"https:\/\/www.wroblewski.krakow.pl\/?p=17908\">20.09.2024, Klasa 2d w Muzeum Uniwersytetu Jagiello\u0144skiego<\/a><\/p>\n<p><a href=\"https:\/\/www.wroblewski.krakow.pl\/?p=17905\">18.09.2024, \u201eWr\u00f3blewski\u201d z pomoc\u0105 powodzianom<\/a><\/p>\n<p><a href=\"https:\/\/www.wroblewski.krakow.pl\/?p=17895\">13.09.2024, M\u0142odzie\u017c ,,Wr\u00f3blewskiego\u201d pami\u0119ta: Dni Pami\u0119ci Ofiar Gestapo<\/a><\/p>\n<p><a href=\"https:\/\/www.wroblewski.krakow.pl\/?p=17889\">10.09.2024, Sukces Zofii Gargul w mi\u0119dzynarodowych zawodach baletowych!<\/a><\/p>\n<p><a href=\"https:\/\/www.wroblewski.krakow.pl\/?p=17877\">06.09.2024, Zaproszenie do udzia\u0142u w zaj\u0119ciach kaligrafii<\/a><\/p>\n<p><a href=\"https:\/\/www.wroblewski.krakow.pl\/?p=17882\">05.09.2024, Pomoc \u201eWr\u00f3blewskiego\u201d dla Polak\u00f3w \u017cyj\u0105cych na Kresach Wschodnich<\/a><\/p>\n<p><a href=\"https:\/\/www.wroblewski.krakow.pl\/?p=17871\">03.09.2024, Uroczyste rozpocz\u0119cie roku szkolnego 2024-2025<\/a><\/p>\n<p><a href=\"https:\/\/www.wroblewski.krakow.pl\/?p=17868\">03.09.2024, Zaproszenie na zebrania rodzic\u00f3w z wychowawc\u0105 klasy<\/a><\/p>\n<p><a href=\"https:\/\/www.wroblewski.krakow.pl\/?p=17834\">26.08.2024, Zaproszenie na uroczyste rozpocz\u0119cie roku szkolnego 2024-2025<\/a><\/p>\n","protected":false},"excerpt":{"rendered":"<p>30.07.2025, Ksi\u0119ga pami\u0105tkowa IX LO w Krakowie 16.07.2025, Rekrutacja 2025: wyniki rekrutacji do klas pierwszych 09.07.2025, Matura 2025: wyniki egzamin\u00f3w 07.07.2025, Rekrutacja 2025: informacje dla kandydat\u00f3w do klas pierwszych 04.07.2025, Rekrutacja 2025 01.07.2025, Spektakl Teatru Szkolnego \u201eScena\u201d pt. \u201eGwiezdne Wojny. Powr\u00f3t Jedi\u201d 01.07.2025, Uroczysto\u015b\u0107 zako\u0144czenia roku szkolnego 2024-2025 30.06.2025, Wydanie \u015bwiadectw dojrza\u0142o\u015bci 29.06.2025, Po\u017cegnanie Pani Profesor Anny Urba\u0144skiej, w latach 2002-2018 dyrektor IX LO 28.06.2025, Klasa 3a na lekcji muzealnej w Rydl\u00f3wce 27.06.2025, Klasa 1b na warsztatach \u017ceglarskich w Kryspinowie 26.06.2025, Klasa 1d i klasa 2e na wycieczce integracyjno-krajoznawczej w Lanckoronie 25.06.2025, Integracja uczni\u00f3w klasy 1c i klasy 2c w [&hellip;]<\/p>\n","protected":false},"author":2,"featured_media":0,"parent":0,"menu_order":0,"comment_status":"closed","ping_status":"closed","template":"","meta":[],"_links":{"self":[{"href":"https:\/\/www.wroblewski.krakow.pl\/index.php?rest_route=\/wp\/v2\/pages\/18066"}],"collection":[{"href":"https:\/\/www.wroblewski.krakow.pl\/index.php?rest_route=\/wp\/v2\/pages"}],"about":[{"href":"https:\/\/www.wroblewski.krakow.pl\/index.php?rest_route=\/wp\/v2\/types\/page"}],"author":[{"embeddable":true,"href":"https:\/\/www.wroblewski.krakow.pl\/index.php?rest_route=\/wp\/v2\/users\/2"}],"replies":[{"embeddable":true,"href":"https:\/\/www.wroblewski.krakow.pl\/index.php?rest_route=%2Fwp%2Fv2%2Fcomments&post=18066"}],"version-history":[{"count":30,"href":"https:\/\/www.wroblewski.krakow.pl\/index.php?rest_route=\/wp\/v2\/pages\/18066\/revisions"}],"predecessor-version":[{"id":20257,"href":"https:\/\/www.wroblewski.krakow.pl\/index.php?rest_route=\/wp\/v2\/pages\/18066\/revisions\/20257"}],"wp:attachment":[{"href":"https:\/\/www.wroblewski.krakow.pl\/index.php?rest_route=%2Fwp%2Fv2%2Fmedia&parent=18066"}],"curies":[{"name":"wp","href":"https:\/\/api.w.org\/{rel}","templated":true}]}}