{"id":20605,"date":"2026-02-16T13:24:25","date_gmt":"2026-02-16T12:24:25","guid":{"rendered":"https:\/\/www.wroblewski.krakow.pl\/?page_id=20605"},"modified":"2026-03-30T19:56:36","modified_gmt":"2026-03-30T18:56:36","slug":"planowane-klasy-2026-2027","status":"publish","type":"page","link":"https:\/\/www.wroblewski.krakow.pl\/?page_id=20605","title":{"rendered":"Planowane klasy 2026-2027"},"content":{"rendered":"\n<p><a href=\"https:\/\/youtu.be\/ZcokIuRaE-4\">Film prezentuj\u0105cy IX LO w Krakowie, 30.03.2026 r. >>>><\/a><\/p>\n\n\n\n<p>Klasy liczy\u0107 b\u0119d\u0105 28 os\u00f3b.<\/p>\n\n\n\n<p><strong><mark style=\"background-color:rgba(0, 0, 0, 0)\" class=\"has-inline-color has-luminous-vivid-orange-color\">A matematyczno-geograficzna z j\u0119zykiem angielskim<\/mark><\/strong><\/p>\n\n\n\n<p>przedmioty rozszerzone: <strong>matematyka, geografia, j\u0119zyk angielski<\/strong><\/p>\n\n\n\n<p>Przygotowuje do studiowania na kierunkach ekonomicznych oraz in\u017cyniersko-technicznych, np. ekonomia, europeistyka, gospodarka i administracja publiczna, in\u017cynieria \u015brodowiska, zarz\u0105dzanie i in\u017cynieria produkcji, towaroznawstwo, finanse, logistyka mi\u0119dzynarodowa, turystyka i rekreacja, architektura krajobrazu, geoturystyka. Uczniowie mog\u0105 uczestniczy\u0107 w zaj\u0119ciach \u201erok zerowy AGH\u201d. W klasie pierwszej i drugiej uczniowie maj\u0105 4 godziny j\u0119zyka angielskiego w tygodniu oraz 5 godzin j\u0119zyka angielskiego w klasie trzeciej i czwartej. Drugi j\u0119zyk obcy dwie godziny tygodniowo: 14 os\u00f3b j\u0119zyk niemiecki, 14 os\u00f3b j\u0119zyk w\u0142oski.<\/p>\n\n\n\n<p><strong><mark style=\"background-color:rgba(0, 0, 0, 0)\" class=\"has-inline-color has-vivid-purple-color\">B polonistyczno-przyrodnicza z j\u0119zykiem angielskim<\/mark><\/strong><\/p>\n\n\n\n<p>przedmioty rozszerzone:&nbsp;<strong>j\u0119zyk polski, biologia, j\u0119zyk angielski<\/strong><\/p>\n\n\n\n<p>Przygotowuje do studiowania na kierunkach np: polonistyka, dziennikarstwo, psychologia, biologia, fizjoterapia, ratownictwo medyczne, piel\u0119gniarstwo, po\u0142o\u017cnictwo, kosmetologia, higiena stomatologiczna, dietetyka, pedagogika, wychowanie przedszkolne i edukacja wczesnoszkolna, ogrodnictwo, filologia angielska, orientalna i inne. W klasie pierwszej i drugiej uczniowie maj\u0105 4 godziny j\u0119zyka angielskiego w tygodniu oraz 5 godzin j\u0119zyka angielskiego w klasie trzeciej i czwartej. Drugi j\u0119zyk obcy dwie godziny tygodniowo: 14 os\u00f3b j\u0119zyk niemiecki, 14 os\u00f3b j\u0119zyk w\u0142oski.<\/p>\n\n\n\n<p><strong><mark style=\"background-color:rgba(0, 0, 0, 0);color:#0c754f\" class=\"has-inline-color\">C biologiczno-chemiczna<\/mark><\/strong><\/p>\n\n\n\n<p>przedmioty rozszerzone:&nbsp;<strong>biologia, chemia<\/strong><\/p>\n\n\n\n<p>Przygotowuje do kontynuowania nauki na studiach medycznych, przyrodniczych i in\u017cynierskich, np. ratownictwo medyczne, piel\u0119gniarstwo, po\u0142o\u017cnictwo, kosmetologia, dietetyka, fizjoterapia, in\u017cynieria biomedyczna, biotechnologia, in\u017cynieria chemiczna, in\u017cynieria materia\u0142owa, le\u015bnictwo, ogrodnictwo.&nbsp;Uczniowie mog\u0105 uczestniczy\u0107 w zaj\u0119ciach \u201erok zerowy AGH\u201d. Klasa ma 3 godziny j\u0119zyka angielskiego w tygodniu.&nbsp; Drugi j\u0119zyk obcy dwie godziny tygodniowo: 14 os\u00f3b j\u0119zyk niemiecki, 14 os\u00f3b j\u0119zyk w\u0142oski.<\/p>\n\n\n\n<p><strong><mark style=\"background-color:rgba(0, 0, 0, 0);color:#8b5a36\" class=\"has-inline-color\">D<\/mark> <mark style=\"background-color:rgba(0, 0, 0, 0);color:#92572d\" class=\"has-inline-color\">humanistyczna<\/mark><\/strong><\/p>\n\n\n\n<p>przedmioty rozszerzone:&nbsp;<strong>j\u0119zyk polski, historia, wiedza o spo\u0142ecze\u0144stwie<\/strong><\/p>\n\n\n\n<p>Przygotowuje do studiowania na kierunkach: polonistyka, dziennikarstwo, historia, prawo, stosunki mi\u0119dzynarodowe, socjologia, psychologia, filozofia, kulturoznawstwo, pedagogika, wychowanie przedszkolne i edukacja wczesnoszkolna; uczniowie wychodz\u0105 do teatr\u00f3w, muze\u00f3w, realizuj\u0105 projekty o tematyce literacko-historycznej, wsp\u00f3\u0142pracuj\u0105 z instytucjami kultury.&nbsp;Klasa ma 3 godziny j\u0119zyka angielskiego w tygodniu.&nbsp;Drugi j\u0119zyk obcy dwie godziny tygodniowo: 14 os\u00f3b j\u0119zyk niemiecki, 14 os\u00f3b j\u0119zyk w\u0142oski.<\/p>\n\n\n\n<p><strong>Informacja o przedmiotach branych pod uwag\u0119 w rekrutacji znajduje si\u0119 w zak\u0142adce \u201eregulamin rekrutacji\u201d.<\/strong><\/p>\n\n\n\n<p>Szko\u0142a dysponuje nowoczesnym Centrum Sportowym (trzysektorowa hala sportowa, sala fitness, wielofunkcyjne boisko zewn\u0119trzne, si\u0142ownia plenerowa oraz dotychczasowa sala gimnastyczna i si\u0142ownia). Dlatego we <strong>wszystkich klasach pierwszych zapewniamy 4 godziny wychowania fizycznego tygodniowo<\/strong>.<\/p>\n\n\n\n<p><strong>Prosimy o rozwag\u0119 w wyborze klas<\/strong>. Kandydaci, kt\u00f3rzy nie zostan\u0105 zakwalifikowani do klasy pierwszego wyboru a zostan\u0105 zakwalifikowani do innej klasy b\u0119d\u0105 mogli ubiega\u0107 si\u0119 o miejsce w preferowanej klasie w drugiej rekrutacji tak samo, jak kandydaci z innych szk\u00f3\u0142 (wed\u0142ug listy rankingowej).<\/p>\n\n\n\n<p>Nie ma mo\u017cliwo\u015bci \u201eprzepisania\u201d si\u0119 do innej klasy, je\u017celi nie ma si\u0119 wymaganej liczby punkt\u00f3w.<\/p>\n\n\n\n<p>Prosimy te\u017c o rozwag\u0119 w wyborze drugiego j\u0119zyka obcego, poniewa\u017c <strong>po zakwalifikowaniu do danej grupy j\u0119zykowej nie b\u0119dzie mo\u017cliwo\u015bci jej zmiany<\/strong>. Wyb\u00f3r drugiego j\u0119zyka obcego jest jednym z element\u00f3w rekrutacji.<\/p>\n\n\n\n<p>Serdecznie zapraszamy!<\/p>\n","protected":false},"excerpt":{"rendered":"<p>Film prezentuj\u0105cy IX LO w Krakowie, 30.03.2026 r. >>>> Klasy liczy\u0107 b\u0119d\u0105 28 os\u00f3b. A matematyczno-geograficzna z j\u0119zykiem angielskim przedmioty rozszerzone: matematyka, geografia, j\u0119zyk angielski Przygotowuje do studiowania na kierunkach ekonomicznych oraz in\u017cyniersko-technicznych, np. ekonomia, europeistyka, gospodarka i administracja publiczna, in\u017cynieria \u015brodowiska, zarz\u0105dzanie i in\u017cynieria produkcji, towaroznawstwo, finanse, logistyka mi\u0119dzynarodowa, turystyka i rekreacja, architektura krajobrazu, geoturystyka. Uczniowie mog\u0105 uczestniczy\u0107 w zaj\u0119ciach \u201erok zerowy AGH\u201d. W klasie pierwszej i drugiej uczniowie maj\u0105 4 godziny j\u0119zyka angielskiego w tygodniu oraz 5 godzin j\u0119zyka angielskiego w klasie trzeciej i czwartej. Drugi j\u0119zyk obcy dwie godziny tygodniowo: 14 os\u00f3b j\u0119zyk niemiecki, 14 os\u00f3b j\u0119zyk [&hellip;]<\/p>\n","protected":false},"author":2,"featured_media":0,"parent":0,"menu_order":0,"comment_status":"closed","ping_status":"closed","template":"","meta":[],"_links":{"self":[{"href":"https:\/\/www.wroblewski.krakow.pl\/index.php?rest_route=\/wp\/v2\/pages\/20605"}],"collection":[{"href":"https:\/\/www.wroblewski.krakow.pl\/index.php?rest_route=\/wp\/v2\/pages"}],"about":[{"href":"https:\/\/www.wroblewski.krakow.pl\/index.php?rest_route=\/wp\/v2\/types\/page"}],"author":[{"embeddable":true,"href":"https:\/\/www.wroblewski.krakow.pl\/index.php?rest_route=\/wp\/v2\/users\/2"}],"replies":[{"embeddable":true,"href":"https:\/\/www.wroblewski.krakow.pl\/index.php?rest_route=%2Fwp%2Fv2%2Fcomments&post=20605"}],"version-history":[{"count":8,"href":"https:\/\/www.wroblewski.krakow.pl\/index.php?rest_route=\/wp\/v2\/pages\/20605\/revisions"}],"predecessor-version":[{"id":21016,"href":"https:\/\/www.wroblewski.krakow.pl\/index.php?rest_route=\/wp\/v2\/pages\/20605\/revisions\/21016"}],"wp:attachment":[{"href":"https:\/\/www.wroblewski.krakow.pl\/index.php?rest_route=%2Fwp%2Fv2%2Fmedia&parent=20605"}],"curies":[{"name":"wp","href":"https:\/\/api.w.org\/{rel}","templated":true}]}}