{"id":20619,"date":"2026-02-16T13:53:42","date_gmt":"2026-02-16T12:53:42","guid":{"rendered":"https:\/\/www.wroblewski.krakow.pl\/?page_id=20619"},"modified":"2026-03-30T19:57:05","modified_gmt":"2026-03-30T18:57:05","slug":"dlaczego-wroblewski","status":"publish","type":"page","link":"https:\/\/www.wroblewski.krakow.pl\/?page_id=20619","title":{"rendered":"Dlaczego &#8222;Wr\u00f3blewski&#8221;?"},"content":{"rendered":"\n<p><a href=\"https:\/\/youtu.be\/ZcokIuRaE-4\">Film prezentuj\u0105cy IX LO w Krakowie, 30.03.2026 r. >>>><\/a><\/p>\n\n\n\n<ul>\n<li>nauka odbywa si\u0119 na jedn\u0105 zmian\u0119 (mo\u017cna \u0142\u0105czy\u0107 nauk\u0119 w szkole muzycznej lub uczestniczy\u0107 w popo\u0142udniowych treningach),<\/li>\n\n\n\n<li>szko\u0142a jest po\u0142o\u017cona w \u015bcis\u0142ym centrum Krakowa, ma dogodny dojazd z Krakowa i okolic,<\/li>\n\n\n\n<li>w szkole panuje przyjazna atmosfera,<\/li>\n\n\n\n<li>posiada wysoko wykwalifikowan\u0105 kadr\u0119 nauczycieli,<\/li>\n\n\n\n<li>jest przygotowana do przeprowadzania egzaminu maturalnego wewn\u0119trznego i zewn\u0119trznego na poziomie podstawowym i rozszerzonym,<\/li>\n\n\n\n<li>nauczyciele posiadaj\u0105 uprawnienia egzaminatora Okr\u0119gowej Komisji Egzaminacyjnej i bior\u0105 czynny udzia\u0142 w jej pracach,<\/li>\n\n\n\n<li>szko\u0142a ma srebrn\u0105 tarcz\u0119 jako\u015bci pracy szko\u0142y 2026 za wysokie wyniki na egzaminach maturalnych,<\/li>\n\n\n\n<li>w szkole zatrudniony jest szkolny psycholog, pedagog i piel\u0119gniarz,<\/li>\n\n\n\n<li>posiada pracowni\u0119 komputerow\u0105 z nowoczesnym sprz\u0119tem i klimatyzowan\u0105 sal\u0105,<\/li>\n\n\n\n<li>szko\u0142a wyposa\u017cona jest w bogaty, skomputeryzowany ksi\u0119gozbi\u00f3r,<\/li>\n\n\n\n<li>wi\u0119kszo\u015b\u0107 sal lekcyjnych wyposa\u017cona jest w klimatyzator i monitor interaktywny,<\/li>\n\n\n\n<li>w IX Liceum dzia\u0142a dziennik elektroniczny (Vulcan),<\/li>\n\n\n\n<li>w szkole s\u0105 pracownie przedmiotowe, sala gimnastyczna, si\u0142ownia,<\/li>\n\n\n\n<li>szko\u0142a posiada nowoczesn\u0105 trzysektorow\u0105 hal\u0119 sportow\u0105 z trybun\u0105, sal\u0119 fitness, zewn\u0119trzne boisko i si\u0142owni\u0119 plenerow\u0105,<\/li>\n\n\n\n<li>zainteresowani uczniowie bior\u0105 udzia\u0142 w zaj\u0119ciach \u201eRok zerowy AGH\u201d,<\/li>\n\n\n\n<li>w szkole dzia\u0142a Ch\u00f3r Szkolny, Teatr Szkolny i Ko\u0142o Debat Oksfordzkich,<\/li>\n\n\n\n<li>\u201eWr\u00f3blewski\u201d oferuje konsultacje dla maturzyst\u00f3w (j\u0119zyk polski, historia, geografia, WOS, chemia, biologia) oraz zaj\u0119cia SKS (siatk\u00f3wka, koszyk\u00f3wka, futsal, cheerleaderki),<\/li>\n\n\n\n<li>szko\u0142a proponuje kszta\u0142cenie j\u0119zykowe na wysokim poziomie (kontynuacja j\u0119zyka angielskiego, drugi j\u0119zyk do wyboru: niemiecki, w\u0142oski),<\/li>\n\n\n\n<li>zainteresowani uczniowie mog\u0105 uczestniczy\u0107 w projekcie \u201eDEUTSCH PLUS\u201d,<\/li>\n\n\n\n<li>uczniowie mog\u0105 bra\u0107 udzia\u0142 w szkolnej wymianie m\u0142odzie\u017cy ze szko\u0142ami we W\u0142oszech (Palermo, Werona),<\/li>\n\n\n\n<li>uczniowie mog\u0105 bra\u0107 udzia\u0142 w angielskoj\u0119zycznym mi\u0119dzynarodowym projekcie dla m\u0142odzie\u017cy w Europahaus w Bad Marienbergu w Niemczech (Erasmus+),<\/li>\n\n\n\n<li>osoby o szczeg\u00f3lnych uzdolnieniach (artystycznych i sportowych) otrzymuj\u0105 dostosowanie form i termin\u00f3w sprawdzania wiedzy i umiej\u0119tno\u015bci,<\/li>\n\n\n\n<li>w harmonogramie sta\u0142ych uroczysto\u015bci s\u0105 konkursy z j. angielskiego, j. niemieckiego, j. w\u0142oskiego,<\/li>\n\n\n\n<li>szko\u0142a wsp\u00f3\u0142pracuje z fundacj\u0105 Panteon Narodowy i Okr\u0119gow\u0105 Rad\u0105 Adwokack\u0105,<\/li>\n\n\n\n<li>\u201eWr\u00f3blewski\u201d organizuje szkolne wycieczki zagraniczne,<\/li>\n\n\n\n<li>Samorz\u0105d Uczniowski jest bardzo aktywny, otrzymuje wsparcie od Dyrekcji i Rady Rodzic\u00f3w,<\/li>\n\n\n\n<li>uczniowie dzia\u0142aj\u0105 w Szkolnym Wolontariacie,<\/li>\n\n\n\n<li>uczniowie klas pierwszych wyje\u017cd\u017caj\u0105 na 3 dniow\u0105 wycieczk\u0119 integracyjn\u0105,<\/li>\n\n\n\n<li>klasy bior\u0105 udzia\u0142 w lekcjach muzealnych, wychodz\u0105 do teatru, opery, na warsztaty do instytucji kultury,<\/li>\n\n\n\n<li>uczniowie zainteresowani sportem reprezentuj\u0105 szko\u0142\u0119 w Licealiadzie m\u0142odzie\u017cy (siatk\u00f3wka, koszyk\u00f3wka \u2013 2024 I miejsce dziewcz\u0105t w wojew\u00f3dztwie ma\u0142opolskim, pi\u0142ka r\u0119czna, futsal, narciarstwo zjazdowe, snowboard, p\u0142ywanie, badminton, tenis sto\u0142owy),<\/li>\n\n\n\n<li>w budynku jest nowoczesny monitoring,<\/li>\n\n\n\n<li>ka\u017cdy ucze\u0144 ma indywidualn\u0105 szafk\u0119 w szatni,<\/li>\n\n\n\n<li>sklepik oferuje ciep\u0142e smaczne posi\u0142ki,<\/li>\n\n\n\n<li>w szkole obowi\u0105zuje szcz\u0119\u015bliwy numer, kt\u00f3ry w danym dniu zwalnia ucznia z odpowiedzi,<\/li>\n\n\n\n<li>uczniowie mog\u0105 zam\u00f3wi\u0107 odzie\u017c ze szkolnym logo,<\/li>\n\n\n\n<li>du\u017c\u0105 frajd\u0119 stanowi kolorowa dziewi\u0105tka, 9-tego ka\u017cdego miesi\u0105ca uczniowie ubieraj\u0105 si\u0119 w odzie\u017c w ustalonym przez Samorz\u0105d Uczniowski kolorze lub w odzie\u017c ze szkolnym logo; je\u017celi ca\u0142a klasa zastosuje si\u0119 do tego ustalenia, to wszyscy s\u0105 zwolnieni z odpowiedzi,<\/li>\n\n\n\n<li>relacje z wydarze\u0144 na stronie internetowej:&nbsp;<a href=\"https:\/\/www.wroblewski.krakow.pl\/?page_id=18066\">Archiwum wydarze\u0144 2024-2025,<\/a>&nbsp;<a href=\"https:\/\/www.wroblewski.krakow.pl\/?page_id=16274\">Archiwum wydarze\u0144 2023-2024<\/a>,&nbsp;<a href=\"https:\/\/www.wroblewski.krakow.pl\/?page_id=13530\">Archiwum wydarze\u0144 2022-2023<\/a>,&nbsp;<a href=\"https:\/\/www.wroblewski.krakow.pl\/?page_id=12101\">Archiwum wydarze\u0144 2021-2022<\/a><\/li>\n<\/ul>\n","protected":false},"excerpt":{"rendered":"<p>Film prezentuj\u0105cy IX LO w Krakowie, 30.03.2026 r. >>>><\/p>\n","protected":false},"author":2,"featured_media":0,"parent":0,"menu_order":0,"comment_status":"closed","ping_status":"closed","template":"","meta":[],"_links":{"self":[{"href":"https:\/\/www.wroblewski.krakow.pl\/index.php?rest_route=\/wp\/v2\/pages\/20619"}],"collection":[{"href":"https:\/\/www.wroblewski.krakow.pl\/index.php?rest_route=\/wp\/v2\/pages"}],"about":[{"href":"https:\/\/www.wroblewski.krakow.pl\/index.php?rest_route=\/wp\/v2\/types\/page"}],"author":[{"embeddable":true,"href":"https:\/\/www.wroblewski.krakow.pl\/index.php?rest_route=\/wp\/v2\/users\/2"}],"replies":[{"embeddable":true,"href":"https:\/\/www.wroblewski.krakow.pl\/index.php?rest_route=%2Fwp%2Fv2%2Fcomments&post=20619"}],"version-history":[{"count":2,"href":"https:\/\/www.wroblewski.krakow.pl\/index.php?rest_route=\/wp\/v2\/pages\/20619\/revisions"}],"predecessor-version":[{"id":21017,"href":"https:\/\/www.wroblewski.krakow.pl\/index.php?rest_route=\/wp\/v2\/pages\/20619\/revisions\/21017"}],"wp:attachment":[{"href":"https:\/\/www.wroblewski.krakow.pl\/index.php?rest_route=%2Fwp%2Fv2%2Fmedia&parent=20619"}],"curies":[{"name":"wp","href":"https:\/\/api.w.org\/{rel}","templated":true}]}}