{"id":20774,"date":"2026-03-01T15:32:11","date_gmt":"2026-03-01T14:32:11","guid":{"rendered":"https:\/\/www.wroblewski.krakow.pl\/?page_id=20774"},"modified":"2026-03-01T15:35:10","modified_gmt":"2026-03-01T14:35:10","slug":"dokumenty-do-rekrutacji-2026","status":"publish","type":"page","link":"https:\/\/www.wroblewski.krakow.pl\/?page_id=20774","title":{"rendered":"Dokumenty do rekrutacji 2026"},"content":{"rendered":"\n<p>Dokumentami potwierdzaj\u0105cym wol\u0119 podj\u0119cia nauki w wybranej szkole ponadpodstawowej s\u0105:<\/p>\n\n\n\n<ol type=\"1\" start=\"1\">\n<li>orygina\u0142 \u015bwiadectwa uko\u0144czenia szko\u0142y podstawowej<\/li>\n\n\n\n<li>orygina\u0142 za\u015bwiadczenia o wynikach egzaminu \u00f3smoklasisty<\/li>\n\n\n\n<li>dwa (2) zdj\u0119cia<\/li>\n\n\n\n<li>karta zdrowia<\/li>\n\n\n\n<li>kopia skr\u00f3conego odpisu aktu urodzenia<\/li>\n\n\n\n<li>dodatkowo nale\u017cy z\u0142o\u017cy\u0107 wype\u0142niony i podpisany przez kandydata i rodzica\/opiekuna kwestionariusz osobowy <\/li>\n<\/ol>\n\n\n\n<div class=\"wp-block-file\"><a id=\"wp-block-file--media-b5547bc9-fccd-405e-b1a5-dcc2368b822f\" href=\"https:\/\/www.wroblewski.krakow.pl\/wp-content\/uploads\/2026\/03\/2026-2027-Kwestionariusz-osobowy.pdf\">2026-2027-Kwestionariusz-osobowy<\/a><a href=\"https:\/\/www.wroblewski.krakow.pl\/wp-content\/uploads\/2026\/03\/2026-2027-Kwestionariusz-osobowy.pdf\" class=\"wp-block-file__button wp-element-button\" download aria-describedby=\"wp-block-file--media-b5547bc9-fccd-405e-b1a5-dcc2368b822f\">Pobierz<\/a><\/div>\n","protected":false},"excerpt":{"rendered":"<p>Dokumentami potwierdzaj\u0105cym wol\u0119 podj\u0119cia nauki w wybranej szkole ponadpodstawowej s\u0105:<\/p>\n","protected":false},"author":2,"featured_media":0,"parent":0,"menu_order":0,"comment_status":"closed","ping_status":"closed","template":"","meta":[],"_links":{"self":[{"href":"https:\/\/www.wroblewski.krakow.pl\/index.php?rest_route=\/wp\/v2\/pages\/20774"}],"collection":[{"href":"https:\/\/www.wroblewski.krakow.pl\/index.php?rest_route=\/wp\/v2\/pages"}],"about":[{"href":"https:\/\/www.wroblewski.krakow.pl\/index.php?rest_route=\/wp\/v2\/types\/page"}],"author":[{"embeddable":true,"href":"https:\/\/www.wroblewski.krakow.pl\/index.php?rest_route=\/wp\/v2\/users\/2"}],"replies":[{"embeddable":true,"href":"https:\/\/www.wroblewski.krakow.pl\/index.php?rest_route=%2Fwp%2Fv2%2Fcomments&post=20774"}],"version-history":[{"count":2,"href":"https:\/\/www.wroblewski.krakow.pl\/index.php?rest_route=\/wp\/v2\/pages\/20774\/revisions"}],"predecessor-version":[{"id":20778,"href":"https:\/\/www.wroblewski.krakow.pl\/index.php?rest_route=\/wp\/v2\/pages\/20774\/revisions\/20778"}],"wp:attachment":[{"href":"https:\/\/www.wroblewski.krakow.pl\/index.php?rest_route=%2Fwp%2Fv2%2Fmedia&parent=20774"}],"curies":[{"name":"wp","href":"https:\/\/api.w.org\/{rel}","templated":true}]}}