{"id":20812,"date":"2026-03-04T18:46:26","date_gmt":"2026-03-04T17:46:26","guid":{"rendered":"https:\/\/www.wroblewski.krakow.pl\/?page_id=20812"},"modified":"2026-03-12T14:26:29","modified_gmt":"2026-03-12T13:26:29","slug":"chor-szkolny","status":"publish","type":"page","link":"https:\/\/www.wroblewski.krakow.pl\/?page_id=20812","title":{"rendered":"Ch\u00f3r szkolny"},"content":{"rendered":"\n<p><strong>Ch\u00f3r Passeres<\/strong> dzia\u0142aj\u0105cy w IX Liceum Og\u00f3lnokszta\u0142c\u0105cym im. Zygmunta Wr\u00f3blewskie w Krakowie sk\u0142ada si\u0119 z utalentowanych uczni\u00f3w klas pierwszych, drugich i trzecich. Zesp\u00f3\u0142 spotyka si\u0119 na pr\u00f3bach raz w tygodniu w murach szko\u0142y by \u0107wiczy\u0107 swoje umiej\u0119tno\u015bci wokalne. Uczniowie z ogromn\u0105 pasj\u0105 wyst\u0119puj\u0105 zar\u00f3wno na ka\u017cdej szkolnej uroczysto\u015bci, jak i poza murami szko\u0142y, prezentuj\u0105c r\u00f3\u017cnorodny materia\u0142 ch\u00f3ralny- od tradycyjnych pie\u015bni ch\u00f3ralnych, przez pie\u015bni patriotyczne, a\u017c po wszelkiego rodzaju piosenki rozrywkowe.<\/p>\n\n\n\n<div class=\"wp-block-file\"><a id=\"wp-block-file--media-357884ff-a44c-4fcd-8ecd-2cd99648ca85\" href=\"https:\/\/www.wroblewski.krakow.pl\/wp-content\/uploads\/2026\/03\/2025-2026-Muzyka-i-Chor-w-IX-LO-1.pdf\">2025-2026-Muzyka-i-Chor-w-IX-LO-1<\/a><a href=\"https:\/\/www.wroblewski.krakow.pl\/wp-content\/uploads\/2026\/03\/2025-2026-Muzyka-i-Chor-w-IX-LO-1.pdf\" class=\"wp-block-file__button wp-element-button\" download aria-describedby=\"wp-block-file--media-357884ff-a44c-4fcd-8ecd-2cd99648ca85\">Pobierz<\/a><\/div>\n\n\n\n\n\n<p>Od roku szkolnego 2023-2024 <strong>ch\u00f3rmistrzyni\u0105 zespo\u0142u jest Pani mgr Anna Augustyn<\/strong>, absolwentka kierunku Edukacja artystyczna w zakresie sztuki muzycznej Akademii Muzycznej im. Krzysztofa Pendereckiego w Krakowie, a tak\u017ce stypendystka programu Erasmus+ w Hochschule f\u00fcr Musik w W\u00fcrzburgu. W swoim 15-letnim dorobku jako wokalistka klasyczna i ch\u00f3rzystka mia\u0142a przyjemno\u015b\u0107 wsp\u00f3\u0142pracowa\u0107 z wieloma cenionymi zespo\u0142ami, takimi jak Ch\u00f3r Opery Krakowskiej, G\u00f3recki Chamber Choir, Ch\u00f3r Filharmonii Krakowskiej czy niemieckim Monteverdichor. Od wielu lat wyst\u0119puje r\u00f3wnie\u017c solowo z repertuarem popowym i jazzuj\u0105cym, jest trenerem wokalnym, nagrywa materia\u0142y muzyczne do przedstawie\u0144 teatralnych dla dzieci a tak\u017ce uczy przedmiot\u00f3w teoretyczno-muzycznych w szkole muzycznej oraz fortepianu. Swoj\u0105 pasj\u0105 i zaanga\u017cowaniem pragnie zach\u0119ci\u0107 m\u0142odzie\u017c do \u015bmia\u0142ego wyra\u017cania siebie poprzez \u015bpiew, a tak\u017ce ch\u0119tnie dzieli si\u0119 zdobytym do\u015bwiadczeniem i&nbsp; wiedz\u0105, nieustannie podnosz\u0105c umiej\u0119tno\u015bci wokalne i sceniczne swoich ch\u00f3rzyst\u00f3w.<\/p>\n\n\n\n<p><strong>Ch\u00f3r Passeres<\/strong> od pocz\u0105tku roku szkolnego 2023-2024 u\u015bwietni\u0142 wiele uroczysto\u015bci szkolnych w tym t\u0119 najwa\u017cniejsz\u0105 \u2013 okazale obchodzony Jubileusz 65-lecia istnienia szko\u0142y. Zesp\u00f3\u0142 mia\u0142 r\u00f3wnie\u017c ogromny zaszczyt i przyjemno\u015b\u0107, na zaproszenie Kuratorium O\u015bwiaty w Krakowie, u\u015bwietni\u0107 w dniu 7 grudnia 2023 roku uroczysto\u015b\u0107 wr\u0119czenia dyplom\u00f3w stypendystom Prezesa Rady Ministr\u00f3w oraz Ministra Edukacji i Nauki.<\/p>\n\n\n\n<p>Ch\u00f3rzy\u015bci maj\u0105 r\u00f3wnie\u017c na swoim koncie sukcesy konkursowe. Na corocznych Ma\u0142opolskich Spotkaniach Kol\u0119dowych, organizowanych przez M\u0142odzie\u017cowy Dom Kultury im. Janusza Korczaka w Krakowie we wsp\u00f3\u0142pracy z Akademi\u0105 Muzyczn\u0105 im. Krzysztofa Pendereckiego w Krakowie, Ch\u00f3r Passeres otrzyma\u0142 wyr\u00f3\u017cnienie w kategorii: zespo\u0142y dzieci\u0119ce i m\u0142odzie\u017cowe.<\/p>\n\n\n\n<p>Wsp\u00f3lne muzykowanie redukuje stres i negatywne emocje, daje satysfakcj\u0119, rado\u015b\u0107 i szcz\u0119\u015bcie. Wsp\u00f3lne \u015bpiewanie jednoczy &#8211; niezale\u017cnie od pogl\u0105d\u00f3w, umiej\u0119tno\u015bci czy stylu ubierania, si\u0119, dlatego serdecznie zapraszamy na pr\u00f3by ch\u00f3ru, w czwartki o 15:00, wszystkich, kt\u00f3rzy kochaj\u0105 \u015bpiewa\u0107, chc\u0105 podnie\u015b\u0107 swoje umiej\u0119tno\u015bci wokalne, a tak\u017ce prze\u017cy\u0107 niezapomnian\u0105, muzyczn\u0105 przygod\u0119.<\/p>\n\n\n\n<p class=\"has-text-align-right\"><em>Krak\u00f3w, wrzesie\u0144 2025, mgr Anna Augustyn<\/em><\/p>\n\n\n\n<figure class=\"wp-block-gallery has-nested-images columns-default is-cropped wp-block-gallery-1 is-layout-flex\"><div class=\"wp-block-image\">\n<figure class=\"aligncenter size-large\"><img decoding=\"async\" loading=\"lazy\" width=\"1024\" height=\"684\" data-id=\"20440\"  src=\"https:\/\/www.wroblewski.krakow.pl\/wp-content\/uploads\/2025\/12\/Wigilia-19.12.2025-29.jpg\" alt=\"\" class=\"wp-image-20440\" srcset=\"https:\/\/www.wroblewski.krakow.pl\/wp-content\/uploads\/2025\/12\/Wigilia-19.12.2025-29.jpg 1024w, https:\/\/www.wroblewski.krakow.pl\/wp-content\/uploads\/2025\/12\/Wigilia-19.12.2025-29-300x200.jpg 300w, https:\/\/www.wroblewski.krakow.pl\/wp-content\/uploads\/2025\/12\/Wigilia-19.12.2025-29-768x513.jpg 768w\" sizes=\"(max-width: 1024px) 100vw, 1024px\" \/><\/figure><\/div><\/figure>\n\n\n\n<p>_____________________________________________________________________________________________<\/p>\n\n\n\n<p><strong>Lata szkolne 2020-2023<\/strong><\/p>\n\n\n\n<p>Od 1 wrze\u015bnia 2020 roku Ch\u00f3r Szkolny prowadzi Pani mgr Katarzyna Puch.&nbsp;Na cotygodniowych pr\u00f3bach doskonalony jest warsztat muzyczny, technika \u015bpiewu, odbywaj\u0105 si\u0119 tak\u017ce zaj\u0119cia z emisji g\u0142osu:<\/p>\n\n\n\n<p>\u201eWszystkich ch\u0119tnych, kochaj\u0105cych \u015bpiew lub chc\u0105cych rozpocz\u0105\u0107 swoj\u0105 przygod\u0119 ze \u015bpiewem zapraszam serdecznie na zaj\u0119cia Ch\u00f3ru Szkolnego, kt\u00f3re odbywaj\u0105 si\u0119 w ka\u017cd\u0105 \u015brod\u0119 od 13:15 do 14:00 (klasy pierwsze) i od 14:10 do 14:55 (klasy drugie i trzecie).<\/p>\n\n\n\n<p>Jestem \u015bpiewaczk\u0105 klasyczn\u0105 \u2013 sopranistk\u0105. Uko\u0144czy\u0142am Akademi\u0119 Muzyczn\u0105 im. Karola Szymanowskiego w Katowicach na wydziale wokalno\u2013aktorskim. Wsp\u00f3\u0142pracuj\u0119 z wieloma zespo\u0142ami oraz instytucjami kulturalnymi, takimi jak: Ch\u00f3r Polskiego Radia, Filharmonia Krakowska, Opera Krakowska. \u015apiewam r\u00f3wnie\u017c w zespole \u201eFinesis Trio\u201d, kt\u00f3rego jestem wsp\u00f3\u0142za\u0142o\u017cycielem. Koncertuj\u0119 w kraju i zagranic\u0105 w ramach mi\u0119dzynarodowych festiwali muzycznych. Prowadz\u0119 r\u00f3wnie\u017c klas\u0119 \u015bpiewu i emisji g\u0142osu w Szkole Muzycznej I stopnia im. Oskara Kolberga w Czas\u0142awiu. Od 2015 roku pe\u0142ni\u0119 funkcj\u0119 koordynatora w oddziale szko\u0142y muzycznej w Mszanie Dolnej.<\/p>\n\n\n\n<p>Od roku szkolnego 2020-2021 pe\u0142ni\u0119 w IX Liceum Og\u00f3lnokszta\u0142c\u0105cym funkcj\u0119 nauczyciela muzyki. Prowadz\u0119 r\u00f3wnie\u017c Ch\u00f3r Szkolny.<\/p>\n\n\n\n<p class=\"has-text-align-right\"><em>Krak\u00f3w, wrzesie\u0144 2020, mgr Katarzyna Puch<\/em><\/p>\n\n\n\n<figure class=\"wp-block-gallery aligncenter has-nested-images columns-default is-cropped wp-block-gallery-3 is-layout-flex\">\n<figure class=\"wp-block-image size-large\"><img decoding=\"async\" loading=\"lazy\" width=\"1024\" height=\"684\" data-id=\"14000\"  src=\"https:\/\/www.wroblewski.krakow.pl\/wp-content\/uploads\/2022\/11\/\u015bwi\u0119to-niepodl-2022-0118.jpg\" alt=\"\" class=\"wp-image-14000\" srcset=\"https:\/\/www.wroblewski.krakow.pl\/wp-content\/uploads\/2022\/11\/\u015bwi\u0119to-niepodl-2022-0118.jpg 1024w, https:\/\/www.wroblewski.krakow.pl\/wp-content\/uploads\/2022\/11\/\u015bwi\u0119to-niepodl-2022-0118-300x200.jpg 300w\" sizes=\"(max-width: 1024px) 100vw, 1024px\" \/><\/figure>\n<\/figure>\n\n\n\n<p>_____________________________________________________________________________________________<\/p>\n\n\n\n<p><strong>Lata szkolne 2014-2020<\/strong><\/p>\n\n\n\n<p>Muzyka to melodia i \u015bpiew. Muzyce mo\u017cna si\u0119 po\u015bwi\u0119ci\u0107, muzyka pozwala wiele przezwyci\u0119\u017cy\u0107\u2026 Jednak najwa\u017cniejsze to muzyk\u0119 poczu\u0107 \u2013 pozwoli\u0107 by takty melodii i towarzysz\u0105cy im \u015bpiew wp\u0142ywa\u0142y na poczucie estetyki i wewn\u0119trznego pi\u0119kna ka\u017cdego z nas.<\/p>\n\n\n\n<p>Czym jest jedna z najbardziej popularnych sztuk? M\u00f3wi si\u0119, \u017ce \u201ejest stenografi\u0105 uczu\u0107\u201d, \u017ce wp\u0142ywa na nasze postrzeganie \u015bwiata i innych ludzi, \u017ce daje ukojenie, \u201e\u0142agodzi obyczaje\u201d, porusza wra\u017cliw\u0105 stron\u0119 duszy ka\u017cdego cz\u0142owieka. Towarzyszy w\u015br\u00f3d gwa\u0142townych emocji, pomaga zrozumie\u0107 odczucia i pragnienia, stanowi \u201enajsubtelniejsz\u0105 form\u0119 przekazu\u201d. To sztuka, kt\u00f3ra jest \u201enajmniej nieprzyjemnym z ha\u0142as\u00f3w\u2026\u201d.<\/p>\n\n\n\n<p>Wielu m\u00f3wi, \u017ce muzyka jest jedn\u0105 z najbardziej zagadkowych sztuk, \u017ce potrafi po\u0142\u0105czy\u0107 ludzi. To w\u0142a\u015bnie z potrzeb rozwi\u0105zania tej zagadki i wyra\u017cenia siebie, a tak\u017ce wsp\u00f3lnego dzielenia emocji, w IX Liceum Og\u00f3lnokszta\u0142c\u0105cym pojawi\u0142 si\u0119 pomys\u0142 stworzenia grupy, kt\u00f3ra dzi\u0119ki muzyce mog\u0142aby tworzy\u0107 wsp\u00f3lne projekty.<\/p>\n\n\n\n<p>Ch\u00f3r Szkolny powsta\u0142 w 2014 roku z inicjatywy nauczyciela chemii Pana mgr in\u017c. Piotra Kmiecika. To grupa, kt\u00f3ra w historii naszego Liceum zapisa\u0142a ju\u017c znacz\u0105ce karty. Uczniowie nieustaj\u0105co wspieraj\u0105 dzia\u0142ania, kt\u00f3re odbywaj\u0105 si\u0119 na terenie szko\u0142y \u2013 bior\u0105 udzia\u0142 w akademiach, dniach otwartych, festiwalach, przyjmuj\u0105 swoimi wyst\u0119pami zagranicznych go\u015bci.<\/p>\n\n\n\n<p>Ch\u00f3r reprezentuje liceum tak\u017ce na terenie dzielnicy Krowodrza, uczestnicz\u0105c w r\u00f3\u017cnorodnych imprezach, wspieraj\u0105c prac\u0119 parafii pw. \u015awi\u0119tego Szczepana (msze \u015bwi\u0119te, jubileusze, uroczysto\u015bci ko\u015bcielne, pikniki, festiwale etc.). Muzyczna wizyt\u00f3wka \u201eWr\u00f3blewskiego\u201d pokazuje swoje umiej\u0119tno\u015bci r\u00f3wnie\u017c podczas wyst\u0105pie\u0144 na terenie ca\u0142ego Miasta Kr\u00f3l\u00f3w Polskich (Jubileusz 60-lecia IX Liceum, Op\u0142atek \u015arodowisk Sportowych, wyst\u0105pienia w Filharmonii Krakowskiej), wsp\u00f3\u0142pracuje tak\u017ce z muzykami, studentami i Krakowskim Biurem Festiwalowym.<\/p>\n\n\n\n<p>Ch\u00f3r szkolny powsta\u0142 dzi\u0119ki zaanga\u017cowaniu i wsp\u00f3lnym zainteresowaniom, zosta\u0142 za\u0142o\u017cony z potrzeby serca, pozwala na realizacj\u0119 pasji muzycznych. Zach\u0119camy do uczestniczenia w zaj\u0119ciach, kt\u00f3re poka\u017c\u0105, \u017ce \u201e\u015bpiewa\u0107 ka\u017cdy mo\u017ce\u2026\u201d.<\/p>\n\n\n\n<p class=\"has-text-align-right\"><em>Krak\u00f3w, wrzesie\u0144 2019, mgr in\u017c. Piotr&nbsp;Kmiecik<\/em><\/p>\n\n\n\n<figure class=\"wp-block-gallery has-nested-images columns-default is-cropped wp-block-gallery-5 is-layout-flex\"><div class=\"wp-block-image\">\n<figure class=\"aligncenter size-large\"><img decoding=\"async\" loading=\"lazy\" width=\"1024\" height=\"683\" data-id=\"5452\"  src=\"https:\/\/www.wroblewski.krakow.pl\/wp-content\/uploads\/2017\/11\/klasa2c_koncert_piesni_patriotycznych_listopada_2017_01.JPG\" alt=\"\" class=\"wp-image-5452\"\/><\/figure><\/div><\/figure>\n\n\n\n<p class=\"has-text-align-right\">&nbsp;<\/p>\n\n\n\n<p><a href=\"https:\/\/www.wroblewski.krakow.pl\/?p=12469\">11.11.2021,&nbsp;Szko\u0142a do hymnu\u2026<\/a><\/p>\n\n\n\n<p><a href=\"https:\/\/www.wroblewski.krakow.pl\/?p=7662\">01.02.2019, Wyst\u0119p Ch\u00f3ru IX Liceum w Pa\u0142acu Arcybiskup\u00f3w Krakowskich<\/a><\/p>\n\n\n\n<p><a href=\"https:\/\/www.wroblewski.krakow.pl\/?p=7608\">29.01.2019, \u015apiewaj z nami! \u2013 kol\u0119dowanie z krakowskimi ch\u00f3rami w Centrum Kongresowym ICE w Krakowie<\/a><\/p>\n\n\n\n<p><a href=\"https:\/\/www.wroblewski.krakow.pl\/?p=7480\">06.01.2019, Noworoczny koncert kol\u0119d w wykonaniu Ch\u00f3ru IX Liceum<\/a><\/p>\n\n\n\n<p><a href=\"https:\/\/www.wroblewski.krakow.pl\/?p=6941\">10.11.2018, Udzia\u0142 IX Liceum Og\u00f3lnokszta\u0142c\u0105cego w dzielnicowych obchodach 100. rocznicy odzyskania przez Polsk\u0119 niepodleg\u0142o\u015bci<\/a><\/p>\n\n\n\n<p><a href=\"https:\/\/www.wroblewski.krakow.pl\/?p=6938\">10.11.2018, Uroczysta akademia z okazji obchod\u00f3w 100-lecia odzyskania niepodleg\u0142o\u015bci przez Polsk\u0119<\/a><\/p>\n\n\n\n<p><a href=\"https:\/\/www.wroblewski.krakow.pl\/?p=6931\">09.11.2018, Non omnis moriar\u2026 \u2013 msza \u015bwi\u0119ta w intencji zmar\u0142ych Profesor\u00f3w, Pracownik\u00f3w i Absolwent\u00f3w<\/a><\/p>\n\n\n\n<p><a href=\"https:\/\/www.wroblewski.krakow.pl\/?gallery=gala-z-okazji-jubileuszu-60-lecia-ix-liceum-09-10-2018-r\">09.10.2018, Gala z okazji Jubileuszu 60-lecia IX Liceum<\/a><\/p>\n","protected":false},"excerpt":{"rendered":"<p>Ch\u00f3r Passeres dzia\u0142aj\u0105cy w IX Liceum Og\u00f3lnokszta\u0142c\u0105cym im. Zygmunta Wr\u00f3blewskie w Krakowie sk\u0142ada si\u0119 z utalentowanych uczni\u00f3w klas pierwszych, drugich i trzecich. Zesp\u00f3\u0142 spotyka si\u0119 na pr\u00f3bach raz w tygodniu w murach szko\u0142y by \u0107wiczy\u0107 swoje umiej\u0119tno\u015bci wokalne. Uczniowie z ogromn\u0105 pasj\u0105 wyst\u0119puj\u0105 zar\u00f3wno na ka\u017cdej szkolnej uroczysto\u015bci, jak i poza murami szko\u0142y, prezentuj\u0105c r\u00f3\u017cnorodny materia\u0142 ch\u00f3ralny- od tradycyjnych pie\u015bni ch\u00f3ralnych, przez pie\u015bni patriotyczne, a\u017c po wszelkiego rodzaju piosenki rozrywkowe. Od roku szkolnego 2023-2024 ch\u00f3rmistrzyni\u0105 zespo\u0142u jest Pani mgr Anna Augustyn, absolwentka kierunku Edukacja artystyczna w zakresie sztuki muzycznej Akademii Muzycznej im. Krzysztofa Pendereckiego w Krakowie, a tak\u017ce stypendystka programu [&hellip;]<\/p>\n","protected":false},"author":2,"featured_media":0,"parent":0,"menu_order":0,"comment_status":"closed","ping_status":"closed","template":"","meta":[],"_links":{"self":[{"href":"https:\/\/www.wroblewski.krakow.pl\/index.php?rest_route=\/wp\/v2\/pages\/20812"}],"collection":[{"href":"https:\/\/www.wroblewski.krakow.pl\/index.php?rest_route=\/wp\/v2\/pages"}],"about":[{"href":"https:\/\/www.wroblewski.krakow.pl\/index.php?rest_route=\/wp\/v2\/types\/page"}],"author":[{"embeddable":true,"href":"https:\/\/www.wroblewski.krakow.pl\/index.php?rest_route=\/wp\/v2\/users\/2"}],"replies":[{"embeddable":true,"href":"https:\/\/www.wroblewski.krakow.pl\/index.php?rest_route=%2Fwp%2Fv2%2Fcomments&post=20812"}],"version-history":[{"count":11,"href":"https:\/\/www.wroblewski.krakow.pl\/index.php?rest_route=\/wp\/v2\/pages\/20812\/revisions"}],"predecessor-version":[{"id":20910,"href":"https:\/\/www.wroblewski.krakow.pl\/index.php?rest_route=\/wp\/v2\/pages\/20812\/revisions\/20910"}],"wp:attachment":[{"href":"https:\/\/www.wroblewski.krakow.pl\/index.php?rest_route=%2Fwp%2Fv2%2Fmedia&parent=20812"}],"curies":[{"name":"wp","href":"https:\/\/api.w.org\/{rel}","templated":true}]}}