{"id":20842,"date":"2026-03-09T08:46:17","date_gmt":"2026-03-09T07:46:17","guid":{"rendered":"https:\/\/www.wroblewski.krakow.pl\/?page_id=20842"},"modified":"2026-03-09T08:46:39","modified_gmt":"2026-03-09T07:46:39","slug":"pracownicy-absolwenci","status":"publish","type":"page","link":"https:\/\/www.wroblewski.krakow.pl\/?page_id=20842","title":{"rendered":"Pracownicy Absolwenci"},"content":{"rendered":"\n<p><strong>NAUCZYCIELE<\/strong><\/p>\n\n\n\n<p>mgr Tomasz G\u0105ssowski \u2013 j\u0119zyk angielski<\/p>\n\n\n\n<p>mgr Agnieszka Homoncik (z d. Koj\u0142o) \u2013 edb, pp, biz, doradztwo zawodowe<\/p>\n\n\n\n<p>mgr Marta Kokoszka \u2013 historia<\/p>\n\n\n\n<p>lic. Mateusz Kowalczyk-Merklinger \u2013 j\u0119zyk niemiecki<\/p>\n\n\n\n<p>mgr Ma\u0142gorzata Malinowska (z d. Ba\u0142a) \u2013 matematyka<\/p>\n\n\n\n<p>mgr Grzegorz Obidowicz \u2013 wychowanie fizyczne<\/p>\n\n\n\n<p>mgr Barbara Stanek (z d. Buja) \u2013 j\u0119zyk angielski<\/p>\n\n\n\n<p>mgr Paulina Struga\u0142a (z d. W\u00f3jtowicz) \u2013 j\u0119zyk polski<\/p>\n\n\n\n<p>mgr Filip Studzi\u0144ski \u2013 wychowanie fizyczne<\/p>\n\n\n\n<p>mgr Iwona Tekielak \u2013 j\u0119zyk niemiecki<\/p>\n\n\n\n<p><strong>PRACOWNICY ADMINISTRACJI<\/strong><\/p>\n\n\n\n<p>mgr Joanna Klimczak-Dryja \u2013 g\u0142\u00f3wny ksi\u0119gowy<\/p>\n\n\n\n<p>mgr Anna Korna\u015b \u2013 sekretarz szko\u0142y<\/p>\n\n\n\n<p>mgr \u0141ukasz Tylek \u2013 piel\u0119gniarz<\/p>\n","protected":false},"excerpt":{"rendered":"<p>NAUCZYCIELE mgr Tomasz G\u0105ssowski \u2013 j\u0119zyk angielski mgr Agnieszka Homoncik (z d. Koj\u0142o) \u2013 edb, pp, biz, doradztwo zawodowe mgr Marta Kokoszka \u2013 historia lic. Mateusz Kowalczyk-Merklinger \u2013 j\u0119zyk niemiecki mgr Ma\u0142gorzata Malinowska (z d. Ba\u0142a) \u2013 matematyka mgr Grzegorz Obidowicz \u2013 wychowanie fizyczne mgr Barbara Stanek (z d. Buja) \u2013 j\u0119zyk angielski mgr Paulina Struga\u0142a (z d. W\u00f3jtowicz) \u2013 j\u0119zyk polski mgr Filip Studzi\u0144ski \u2013 wychowanie fizyczne mgr Iwona Tekielak \u2013 j\u0119zyk niemiecki PRACOWNICY ADMINISTRACJI mgr Joanna Klimczak-Dryja \u2013 g\u0142\u00f3wny ksi\u0119gowy mgr Anna Korna\u015b \u2013 sekretarz szko\u0142y mgr \u0141ukasz Tylek \u2013 piel\u0119gniarz<\/p>\n","protected":false},"author":2,"featured_media":0,"parent":0,"menu_order":0,"comment_status":"closed","ping_status":"closed","template":"","meta":[],"_links":{"self":[{"href":"https:\/\/www.wroblewski.krakow.pl\/index.php?rest_route=\/wp\/v2\/pages\/20842"}],"collection":[{"href":"https:\/\/www.wroblewski.krakow.pl\/index.php?rest_route=\/wp\/v2\/pages"}],"about":[{"href":"https:\/\/www.wroblewski.krakow.pl\/index.php?rest_route=\/wp\/v2\/types\/page"}],"author":[{"embeddable":true,"href":"https:\/\/www.wroblewski.krakow.pl\/index.php?rest_route=\/wp\/v2\/users\/2"}],"replies":[{"embeddable":true,"href":"https:\/\/www.wroblewski.krakow.pl\/index.php?rest_route=%2Fwp%2Fv2%2Fcomments&post=20842"}],"version-history":[{"count":2,"href":"https:\/\/www.wroblewski.krakow.pl\/index.php?rest_route=\/wp\/v2\/pages\/20842\/revisions"}],"predecessor-version":[{"id":20844,"href":"https:\/\/www.wroblewski.krakow.pl\/index.php?rest_route=\/wp\/v2\/pages\/20842\/revisions\/20844"}],"wp:attachment":[{"href":"https:\/\/www.wroblewski.krakow.pl\/index.php?rest_route=%2Fwp%2Fv2%2Fmedia&parent=20842"}],"curies":[{"name":"wp","href":"https:\/\/api.w.org\/{rel}","templated":true}]}}