{"id":20850,"date":"2026-03-09T09:08:34","date_gmt":"2026-03-09T08:08:34","guid":{"rendered":"https:\/\/www.wroblewski.krakow.pl\/?page_id=20850"},"modified":"2026-03-10T21:11:41","modified_gmt":"2026-03-10T20:11:41","slug":"dyrekcja-szkoly","status":"publish","type":"page","link":"https:\/\/www.wroblewski.krakow.pl\/?page_id=20850","title":{"rendered":"Dyrekcja"},"content":{"rendered":"\n<p class=\"has-text-align-left\"><strong>Dyrektor szko\u0142y<\/strong><\/p>\n\n\n\n<p class=\"has-text-align-left\">mgr Aleksandra PAGACZ-POCIASK <\/p>\n\n\n\n<p>Przyj\u0119cia stron:<\/p>\n\n\n\n<p>poniedzia\u0142ek 08.00-09.00<\/p>\n\n\n\n<p>czwartek 15.00-16.00<\/p>\n\n\n\n<p>po wcze\u015bniejszym uzgodnieniu terminu z sekretariatem<\/p>\n\n\n\n<p class=\"has-text-align-left\">_____________________________________________<\/p>\n\n\n\n<p><\/p>\n\n\n\n<p><strong>Wicedyrektor szko\u0142y<\/strong><\/p>\n\n\n\n<p>mgr Olga SENETA-NIEMIEC<\/p>\n\n\n\n<p>Przyj\u0119cia stron:<\/p>\n\n\n\n<p>\u015broda 08.00 &#8211; 09.00<\/p>\n\n\n\n<p>pi\u0105tek 13.00-14.00<\/p>\n\n\n\n<p>po wcze\u015bniejszym uzgodnieniu terminu z sekretariatem<\/p>\n","protected":false},"excerpt":{"rendered":"<p>Dyrektor szko\u0142y mgr Aleksandra PAGACZ-POCIASK Przyj\u0119cia stron: poniedzia\u0142ek 08.00-09.00 czwartek 15.00-16.00 po wcze\u015bniejszym uzgodnieniu terminu z sekretariatem _____________________________________________ Wicedyrektor szko\u0142y mgr Olga SENETA-NIEMIEC Przyj\u0119cia stron: \u015broda 08.00 &#8211; 09.00 pi\u0105tek 13.00-14.00 po wcze\u015bniejszym uzgodnieniu terminu z sekretariatem<\/p>\n","protected":false},"author":2,"featured_media":0,"parent":0,"menu_order":0,"comment_status":"closed","ping_status":"closed","template":"","meta":[],"_links":{"self":[{"href":"https:\/\/www.wroblewski.krakow.pl\/index.php?rest_route=\/wp\/v2\/pages\/20850"}],"collection":[{"href":"https:\/\/www.wroblewski.krakow.pl\/index.php?rest_route=\/wp\/v2\/pages"}],"about":[{"href":"https:\/\/www.wroblewski.krakow.pl\/index.php?rest_route=\/wp\/v2\/types\/page"}],"author":[{"embeddable":true,"href":"https:\/\/www.wroblewski.krakow.pl\/index.php?rest_route=\/wp\/v2\/users\/2"}],"replies":[{"embeddable":true,"href":"https:\/\/www.wroblewski.krakow.pl\/index.php?rest_route=%2Fwp%2Fv2%2Fcomments&post=20850"}],"version-history":[{"count":8,"href":"https:\/\/www.wroblewski.krakow.pl\/index.php?rest_route=\/wp\/v2\/pages\/20850\/revisions"}],"predecessor-version":[{"id":20884,"href":"https:\/\/www.wroblewski.krakow.pl\/index.php?rest_route=\/wp\/v2\/pages\/20850\/revisions\/20884"}],"wp:attachment":[{"href":"https:\/\/www.wroblewski.krakow.pl\/index.php?rest_route=%2Fwp%2Fv2%2Fmedia&parent=20850"}],"curies":[{"name":"wp","href":"https:\/\/api.w.org\/{rel}","templated":true}]}}