{"id":5039,"date":"2017-07-09T18:13:51","date_gmt":"2017-07-09T17:13:51","guid":{"rendered":"https:\/\/www.wroblewski.krakow.pl\/?page_id=5039"},"modified":"2017-07-11T08:59:37","modified_gmt":"2017-07-11T07:59:37","slug":"erasmus-hospitacja-kolezenska","status":"publish","type":"page","link":"https:\/\/www.wroblewski.krakow.pl\/?page_id=5039","title":{"rendered":"Erasmus+ Projekt Hospitacja kole\u017ce\u0144ska 2015 \u2013  2017"},"content":{"rendered":"<p><a href=\"https:\/\/www.wroblewski.krakow.pl\/?page_id=5061\">Projekt dla nauczycieli pt. \u201eHospitacja kole\u017ce\u0144ska skutecznym sposobem podniesienia kompetencji zawodowych nauczycieli\u201d, cz\u0119\u015b\u0107 II, 27.06. \u2013 01.07.2016, Koblenz, Niemcy &gt;&gt;&gt;&gt;<\/a><\/p>\n<p>&nbsp;<\/p>\n<p><a href=\"https:\/\/www.wroblewski.krakow.pl\/?p=5027\">Projekt dla nauczycieli pt. \u201eHospitacja kole\u017ce\u0144ska skutecznym sposobem podniesienia kompetencji zawodowych nauczycieli\u201d, cz\u0119\u015b\u0107 I, 16. \u2013 22.10.2015, Krak\u00f3w, Polska &gt;&gt;&gt;&gt;<\/a><\/p>\n<p style=\"text-align: center;\">\n","protected":false},"excerpt":{"rendered":"<p>Projekt dla nauczycieli pt. \u201eHospitacja kole\u017ce\u0144ska skutecznym sposobem podniesienia kompetencji zawodowych nauczycieli\u201d, cz\u0119\u015b\u0107 II, 27.06. \u2013 01.07.2016, Koblenz, Niemcy &gt;&gt;&gt;&gt; &nbsp; Projekt dla nauczycieli pt. \u201eHospitacja kole\u017ce\u0144ska skutecznym sposobem podniesienia kompetencji zawodowych nauczycieli\u201d, cz\u0119\u015b\u0107 I, 16. \u2013 22.10.2015, Krak\u00f3w, Polska &gt;&gt;&gt;&gt;<\/p>\n","protected":false},"author":2,"featured_media":0,"parent":0,"menu_order":0,"comment_status":"closed","ping_status":"closed","template":"","meta":[],"_links":{"self":[{"href":"https:\/\/www.wroblewski.krakow.pl\/index.php?rest_route=\/wp\/v2\/pages\/5039"}],"collection":[{"href":"https:\/\/www.wroblewski.krakow.pl\/index.php?rest_route=\/wp\/v2\/pages"}],"about":[{"href":"https:\/\/www.wroblewski.krakow.pl\/index.php?rest_route=\/wp\/v2\/types\/page"}],"author":[{"embeddable":true,"href":"https:\/\/www.wroblewski.krakow.pl\/index.php?rest_route=\/wp\/v2\/users\/2"}],"replies":[{"embeddable":true,"href":"https:\/\/www.wroblewski.krakow.pl\/index.php?rest_route=%2Fwp%2Fv2%2Fcomments&post=5039"}],"version-history":[{"count":8,"href":"https:\/\/www.wroblewski.krakow.pl\/index.php?rest_route=\/wp\/v2\/pages\/5039\/revisions"}],"predecessor-version":[{"id":5075,"href":"https:\/\/www.wroblewski.krakow.pl\/index.php?rest_route=\/wp\/v2\/pages\/5039\/revisions\/5075"}],"wp:attachment":[{"href":"https:\/\/www.wroblewski.krakow.pl\/index.php?rest_route=%2Fwp%2Fv2%2Fmedia&parent=5039"}],"curies":[{"name":"wp","href":"https:\/\/api.w.org\/{rel}","templated":true}]}}