{"id":5061,"date":"2017-07-11T08:23:29","date_gmt":"2017-07-11T07:23:29","guid":{"rendered":"https:\/\/www.wroblewski.krakow.pl\/?page_id=5061"},"modified":"2017-07-11T08:56:12","modified_gmt":"2017-07-11T07:56:12","slug":"projekt-hospitacja-kolezenska-czesc-ii","status":"publish","type":"page","link":"https:\/\/www.wroblewski.krakow.pl\/?page_id=5061","title":{"rendered":"Erasmus+ Hospitacja kole\u017ce\u0144ska, program w Niemczech oraz podsumowanie projektu"},"content":{"rendered":"<p style=\"text-align: center;\"><strong>Projekt dla nauczycieli <b>\u201e<\/b>Hospitacja kole\u017ce\u0144ska skutecznym sposobem<\/strong><\/p>\n<p style=\"text-align: center;\"><strong>podniesienia kompetencji zawodowych nauczycieli<b>\u201d<\/b><\/strong><\/p>\n<p style=\"text-align: center;\"><strong>cz\u0119\u015b\u0107 II, 27.06. \u2013 01.07.2016, Koblenz, Niemcy<\/strong><\/p>\n<p style=\"text-align: center;\"><a href=\"https:\/\/www.wroblewski.krakow.pl\/wp-content\/uploads\/2015\/10\/erasmus_plus_logo_.jpg\"><img decoding=\"async\" loading=\"lazy\" width=\"241\" height=\"104\" class=\"size-full wp-image-5033\" alt=\"erasmus_plus_logo_\" src=\"https:\/\/www.wroblewski.krakow.pl\/wp-content\/uploads\/2015\/10\/erasmus_plus_logo_.jpg\" \/><\/a><\/p>\n<p>&nbsp;<\/p>\n<p>&nbsp;<\/p>\n<p><a href=\"https:\/\/www.wroblewski.krakow.pl\/?page_id=5065\">Summary of the projeckt &gt;&gt;&gt;&gt;<\/a><\/p>\n<p><a href=\"https:\/\/www.wroblewski.krakow.pl\/?p=5041\">Podsumowanie projektu 2015\u00a0\u2013 2017\u00a0 &gt;&gt;&gt;&gt;<\/a><\/p>\n<p>&nbsp;<\/p>\n<p>&nbsp;<\/p>\n<p>Projekt dla nauczycieli &#8222;Hospitacja kole\u017ce\u0144ska skutecznym sposobem podniesienia kompetencji zawodowych nauczycieli, cz\u0119\u015b\u0107 II, 27.06. \u2013 01.07.2016, Koblenz, Niemcy<\/p>\n<p><a href=\"https:\/\/www.wroblewski.krakow.pl\/wp-content\/uploads\/2017\/07\/Sprawozdanie-Tomasz-Gassowski.pdf\">Projekt w Niemczech, sprawozdanie, Pan mgr Tomasz G\u0105ssowski &gt;&gt;&gt;&gt;<\/a><\/p>\n<p><a href=\"https:\/\/www.wroblewski.krakow.pl\/wp-content\/uploads\/2017\/07\/Sprawozdanie-Renata-Radwanska.pdf\">Projekt w Niemczech, sprawozdanie, Pani mgr Renata Radwa\u0144ska-Rak &gt;&gt;&gt;&gt;<\/a><\/p>\n<p><a href=\"https:\/\/www.wroblewski.krakow.pl\/?gallery=erasmus-program-hospitacyjny-nauczycieli-ix-liceum-w-niemczech-27-06-01-07-2016\">Projekt w Niemczech, FOTOGALERIA &gt;&gt;&gt;&gt;<\/a><\/p>\n<p>&nbsp;<\/p>\n<p style=\"text-align: right;\"><em>Krak\u00f3w, 07.07.2017, mgr Aleksandra Pagacz-Pociask<\/em><\/p>\n<p>&nbsp;<\/p>\n<p>&nbsp;<\/p>\n<p>&nbsp;<\/p>\n","protected":false},"excerpt":{"rendered":"<p>Projekt dla nauczycieli \u201eHospitacja kole\u017ce\u0144ska skutecznym sposobem podniesienia kompetencji zawodowych nauczycieli\u201d cz\u0119\u015b\u0107 II, 27.06. \u2013 01.07.2016, Koblenz, Niemcy &nbsp; &nbsp; Summary of the projeckt &gt;&gt;&gt;&gt; Podsumowanie projektu 2015\u00a0\u2013 2017\u00a0 &gt;&gt;&gt;&gt; &nbsp; &nbsp; Projekt dla nauczycieli &#8222;Hospitacja kole\u017ce\u0144ska skutecznym sposobem podniesienia kompetencji zawodowych nauczycieli, cz\u0119\u015b\u0107 II, 27.06. \u2013 01.07.2016, Koblenz, Niemcy Projekt w Niemczech, sprawozdanie, Pan mgr Tomasz G\u0105ssowski &gt;&gt;&gt;&gt; Projekt w Niemczech, sprawozdanie, Pani mgr Renata Radwa\u0144ska-Rak &gt;&gt;&gt;&gt; Projekt w Niemczech, FOTOGALERIA &gt;&gt;&gt;&gt; &nbsp; Krak\u00f3w, 07.07.2017, mgr Aleksandra Pagacz-Pociask &nbsp; &nbsp; &nbsp;<\/p>\n","protected":false},"author":2,"featured_media":0,"parent":0,"menu_order":0,"comment_status":"closed","ping_status":"closed","template":"","meta":[],"_links":{"self":[{"href":"https:\/\/www.wroblewski.krakow.pl\/index.php?rest_route=\/wp\/v2\/pages\/5061"}],"collection":[{"href":"https:\/\/www.wroblewski.krakow.pl\/index.php?rest_route=\/wp\/v2\/pages"}],"about":[{"href":"https:\/\/www.wroblewski.krakow.pl\/index.php?rest_route=\/wp\/v2\/types\/page"}],"author":[{"embeddable":true,"href":"https:\/\/www.wroblewski.krakow.pl\/index.php?rest_route=\/wp\/v2\/users\/2"}],"replies":[{"embeddable":true,"href":"https:\/\/www.wroblewski.krakow.pl\/index.php?rest_route=%2Fwp%2Fv2%2Fcomments&post=5061"}],"version-history":[{"count":7,"href":"https:\/\/www.wroblewski.krakow.pl\/index.php?rest_route=\/wp\/v2\/pages\/5061\/revisions"}],"predecessor-version":[{"id":5073,"href":"https:\/\/www.wroblewski.krakow.pl\/index.php?rest_route=\/wp\/v2\/pages\/5061\/revisions\/5073"}],"wp:attachment":[{"href":"https:\/\/www.wroblewski.krakow.pl\/index.php?rest_route=%2Fwp%2Fv2%2Fmedia&parent=5061"}],"curies":[{"name":"wp","href":"https:\/\/api.w.org\/{rel}","templated":true}]}}