{"id":53,"date":"2014-03-06T17:02:36","date_gmt":"2014-03-06T17:02:36","guid":{"rendered":"https:\/\/www.wroblewski.krakow.pl\/?page_id=53"},"modified":"2024-02-29T16:55:59","modified_gmt":"2024-02-29T15:55:59","slug":"wewnatrzszkolny-system-doradztwa-zawodowego","status":"publish","type":"page","link":"https:\/\/www.wroblewski.krakow.pl\/?page_id=53","title":{"rendered":"Wewn\u0105trzszkolny system doradztwa zawodowego"},"content":{"rendered":"<p>Wewn\u0105trzszkolny system doradztwa zawodowego obejmuje og\u00f3\u0142 dzia\u0142a\u0144 podejmowanych przez szko\u0142\u0119 w celu przygotowania uczni\u00f3w do wyboru zawodu, poziomu i kierunku kszta\u0142cenia.<\/p>\n<p>&nbsp;<\/p>\n<p>Wewn\u0105trzszkolny system doradztwa zawodowego okre\u015bla:<\/p>\n<p>&#8211; metody i formy realizacji dzia\u0142a\u0144<\/p>\n<p>&#8211; tematyk\u0119 dzia\u0142a\u0144<\/p>\n<p>&#8211; czas i miejsce realizacji zada\u0144<\/p>\n<p>&#8211; oczekiwane efekty.<\/p>\n<p>&nbsp;<\/p>\n<p>Cele szkolnego doradztwa zawodowego:<\/p>\n<p>&#8211; Pomaganie uczniom w okre\u015blaniu w\u0142asnych predyspozycji zawodowych oraz w planowaniu \u015bcie\u017cki zawodowej;<\/p>\n<p>&#8211; Przygotowanie uczni\u00f3w do roli pracownik\u00f3w;<\/p>\n<p>&#8211; Systematyczne diagnozowanie zapotrzebowania uczni\u00f3w na informacje;<\/p>\n<p>&#8211; Gromadzenie, aktualizowanie i udost\u0119pnianie informacji edukacyjnych i zawodowych w\u0142a\u015bciwych dla danego poziomu kszta\u0142cenia;<\/p>\n<p>&#8211; Udzielanie indywidualnych porad edukacyjnych i zawodowych uczniom i ich rodzicom;<\/p>\n<p>&#8211; Prowadzenie grupowych zaj\u0119\u0107 aktywizuj\u0105cych, przygotowuj\u0105cych uczni\u00f3w do \u015bwiadomego planowania kariery i podj\u0119cia pracy zawodowej;<\/p>\n<p>&#8211; Wzbogacanie warsztatu pracy o nowoczesne \u015brodki przekazu informacji;<\/p>\n<p>&#8211; Wsp\u00f3\u0142pracowanie z Rad\u0105 Pedagogiczn\u0105 w zakresie tworzenia i zapewnienia ci\u0105g\u0142o\u015bci dzia\u0142a\u0144 wewn\u0105trzszkolnego systemu doradztwa zawodowego zgodnie ze statutem szko\u0142y;<\/p>\n<p>&#8211; Pomaganie nauczycielom w realizacji dzia\u0142a\u0144 w obr\u0119bie ich pracy wychowawczej, maj\u0105cych na celu optymalny rozw\u00f3j edukacyjny i zawodowy uczni\u00f3w;<\/p>\n<p>&#8211; Wsp\u00f3\u0142pracowanie z instytucjami wspieraj\u0105cymi wewn\u0105trzszkolny system doradztwa.<\/p>\n<p>&nbsp;<\/p>\n<p>Wewn\u0105trzszkolny system doradztwa zawodowego w ramach pracy z uczniami obejmuje:<\/p>\n<p>&#8211; poznawanie siebie;<\/p>\n<p>&#8211; autodiagnoz\u0119 preferencji i zainteresowa\u0144 zawodowych;<\/p>\n<p>&#8211; poznawanie zawod\u00f3w;<\/p>\n<p>&#8211; analiz\u0119 potrzeb rynku pracy i mo\u017cliwo\u015bci zatrudnienia na lokalnym, krajowym i mi\u0119dzynarodowym rynku pracy;<\/p>\n<p>&#8211; indywidualn\u0105 prac\u0119 z uczniami, kt\u00f3rzy mog\u0105 mie\u0107 problemy z wyborem dalszej \u015bcie\u017cki edukacyjnej i zawodowej;<\/p>\n<p>&#8211; konfrontowanie samooceny uczni\u00f3w z wymaganiami szk\u00f3\u0142 i zawod\u00f3w;<\/p>\n<p>&#8211; pomoc w poszerzaniu wiedzy og\u00f3lnej i budowaniu kolejnych etap\u00f3w rozwoju edukacyjno-zawodowego;<\/p>\n<p>&#8211; przedstawienie mo\u017cliwo\u015bci nabywania kwalifikacji zawodowych;<\/p>\n<p>&#8211; poruszanie si\u0119 na rynku pracy (poszukiwanie i utrzymywanie pracy oraz radzenie sobie w sytuacjach trudnych: poszukiwanie pierwszej pracy, bezrobocie, mobilno\u015b\u0107 zawodowa, ograniczenia zdrowotne);<\/p>\n<p>&#8211; przygotowanie do samodzielno\u015bci w trudnych sytuacjach \u017cyciowych: egzamin, poszukiwanie pracy, podj\u0119cie roli pracownika, zmiana zawodu, adaptacja do nowych warunk\u00f3w, bezrobocie);<\/p>\n<p>&#8211; udzielanie informacji dotycz\u0105cej wp\u0142ywu rynku pracy na planowanie kariery, obejmuj\u0105ce: zapotrzebowanie na pracownik\u00f3w w r\u00f3\u017cnych bran\u017cach w ostatnich latach, cechy dobrego pracownika oczekiwane przez pracodawc\u00f3w;<\/p>\n<p>&#8211; kszta\u0142towanie umiej\u0119tno\u015bci \u015bwiadomego wyboru i poszukiwania pracy,<\/p>\n<p>&nbsp;<\/p>\n<p>Program doradztwa zawodowego IX Liceum Og\u00f3lnokszta\u0142c\u0105cego im. Zygmunta Wr\u00f3blewskiego w Krakowie realizowany jest w czterech nast\u0119puj\u0105cych dzia\u0142ach tematycznych:<\/p>\n<p>1. Poznawanie w\u0142asnych zasob\u00f3w.<\/p>\n<p>2. \u015awiat zawod\u00f3w i rynek pracy.<\/p>\n<p>3. Rynek edukacyjny i uczenie si\u0119 przez ca\u0142e \u017cycie.<\/p>\n<p>4. Planowanie w\u0142asnego rozwoju i podejmowanie decyzji edukacyjno-zawodowych.<\/p>\n<p>&nbsp;<\/p>\n<p>W bibliotece szkolnej oraz u Dyrekcji szko\u0142y dost\u0119pna jest pe\u0142na wersja dokumentu wewn\u0105trzszkolnego systemu doradztwa zawodowego, termin zapoznania si\u0119 z dokumentem nale\u017cy ustali\u0107 z wyprzedzeniem z Dyrekcj\u0105 szko\u0142y lub nauczycielem bibliotekarzem.<\/p>\n<p>&nbsp;<\/p>\n<p>Kwalifikacje do prowadzenia zaj\u0119\u0107 z doradztwa zawodowego posiada Pani mgr Anna Cisowska (pedagog szkolny) oraz Pani mgr Agnieszka Homoncik (nauczyciel edukacji dla bezpiecze\u0144stwa, biznesu i zarz\u0105dzania). Podczas realizacji programu nauczyciele doradztwa zawodowego korzystaj\u0105 z autorskich materia\u0142\u00f3w edukacyjnych, pozwalaj\u0105c uczniom na samodzieln\u0105 prac\u0119 oraz podzielenie si\u0119 efektami pracy z oddzia\u0142em klasowym. Nauczyciele doradztwa zawodowego w celu lepszego przekazania uczniom informacji korzystaj\u0105 z nowoczesnych \u015brodk\u00f3w przekazu tj. filmy edukacyjne rekomendowane przez Ministerstwo Edukacji i Nauki. W proces realizacji doradztwa zawodowego w\u0142\u0105czeni s\u0105 r\u00f3wnie\u017c wszyscy wychowawcy i nauczyciele, kt\u00f3rzy organizuj\u0105 r\u00f3\u017cnego rodzaju przedsi\u0119wzi\u0119cia zwi\u0105zane z realizacj\u0105 doradztwa zawodowego dla poszczeg\u00f3lnych klas po rozpoznaniu potrzeb uczni\u00f3w. Podejmowane dzia\u0142ania dotycz\u0105 m.in. wyj\u015b\u0107 na uczelnie wy\u017csze w Krakowie i poznawanie systemu rekrutacyjnego na konkretne kierunki studi\u00f3w, tworzenia dokument\u00f3w aplikacyjnych, zapoznawania uczni\u00f3w z kompetencjami wymaganymi do wykonywania konkretnych zawod\u00f3w. Uczniowie maj\u0105 mo\u017cliwo\u015b\u0107 zapoznania si\u0119 z informatorami maturalnymi, przewodnikami dotycz\u0105cymi uczelni wy\u017cszych i kierunk\u00f3w studi\u00f3w i ulotkami informacyjnymi. Materia\u0142y te s\u0105 na bie\u017c\u0105co aktualizowane.<\/p>\n<p>&nbsp;<\/p>\n<p>W programie doradztwa zawodowego uczestnicz\u0105 wszyscy uczniowie IX Liceum Og\u00f3lnokszta\u0142c\u0105cego w Krakowie, ich rodzice oraz nauczyciele. Program realizowany jest w okresie czterech lat pobierania nauki w IX LO w Krakowie wed\u0142ug zaplanowanego harmonogramu uwzgl\u0119dnionego w siatce godzin danego oddzia\u0142u (przynajmniej dwa zaj\u0119cia z doradc\u0105 zawodowym w roku szkolnym). Ka\u017cdy ucze\u0144 oraz rodzic ucznia mo\u017ce skorzysta\u0107 z mo\u017cliwo\u015bci odbycia indywidualnej rozmowy ze szkolnym doradc\u0105 zawodowym po wcze\u015bniejszym ustaleniu terminu spotkania na terenie IX Liceum Og\u00f3lnokszta\u0142c\u0105cego w Krakowie.<\/p>\n<p>&nbsp;<\/p>\n<p align=\"right\"><i>Opracowanie: mgr Agnieszka Homoncik i mgr Anna Cisowska, Krak\u00f3w 2024 r.<\/i><\/p>\n","protected":false},"excerpt":{"rendered":"<p>Wewn\u0105trzszkolny system doradztwa zawodowego obejmuje og\u00f3\u0142 dzia\u0142a\u0144 podejmowanych przez szko\u0142\u0119 w celu przygotowania uczni\u00f3w do wyboru zawodu, poziomu i kierunku kszta\u0142cenia. &nbsp; Wewn\u0105trzszkolny system doradztwa zawodowego okre\u015bla: &#8211; metody i formy realizacji dzia\u0142a\u0144 &#8211; tematyk\u0119 dzia\u0142a\u0144 &#8211; czas i miejsce realizacji zada\u0144 &#8211; oczekiwane efekty. &nbsp; Cele szkolnego doradztwa zawodowego: &#8211; Pomaganie uczniom w okre\u015blaniu w\u0142asnych predyspozycji zawodowych oraz w planowaniu \u015bcie\u017cki zawodowej; &#8211; Przygotowanie uczni\u00f3w do roli pracownik\u00f3w; &#8211; Systematyczne diagnozowanie zapotrzebowania uczni\u00f3w na informacje; &#8211; Gromadzenie, aktualizowanie i udost\u0119pnianie informacji edukacyjnych i zawodowych w\u0142a\u015bciwych dla danego poziomu kszta\u0142cenia; &#8211; Udzielanie indywidualnych porad edukacyjnych i zawodowych uczniom i ich [&hellip;]<\/p>\n","protected":false},"author":5,"featured_media":0,"parent":0,"menu_order":0,"comment_status":"closed","ping_status":"closed","template":"","meta":[],"_links":{"self":[{"href":"https:\/\/www.wroblewski.krakow.pl\/index.php?rest_route=\/wp\/v2\/pages\/53"}],"collection":[{"href":"https:\/\/www.wroblewski.krakow.pl\/index.php?rest_route=\/wp\/v2\/pages"}],"about":[{"href":"https:\/\/www.wroblewski.krakow.pl\/index.php?rest_route=\/wp\/v2\/types\/page"}],"author":[{"embeddable":true,"href":"https:\/\/www.wroblewski.krakow.pl\/index.php?rest_route=\/wp\/v2\/users\/5"}],"replies":[{"embeddable":true,"href":"https:\/\/www.wroblewski.krakow.pl\/index.php?rest_route=%2Fwp%2Fv2%2Fcomments&post=53"}],"version-history":[{"count":4,"href":"https:\/\/www.wroblewski.krakow.pl\/index.php?rest_route=\/wp\/v2\/pages\/53\/revisions"}],"predecessor-version":[{"id":16884,"href":"https:\/\/www.wroblewski.krakow.pl\/index.php?rest_route=\/wp\/v2\/pages\/53\/revisions\/16884"}],"wp:attachment":[{"href":"https:\/\/www.wroblewski.krakow.pl\/index.php?rest_route=%2Fwp%2Fv2%2Fmedia&parent=53"}],"curies":[{"name":"wp","href":"https:\/\/api.w.org\/{rel}","templated":true}]}}