{"id":8055,"date":"2019-03-04T17:59:37","date_gmt":"2019-03-04T16:59:37","guid":{"rendered":"https:\/\/www.wroblewski.krakow.pl\/?page_id=8055"},"modified":"2024-02-28T16:23:30","modified_gmt":"2024-02-28T15:23:30","slug":"matematyka","status":"publish","type":"page","link":"https:\/\/www.wroblewski.krakow.pl\/?page_id=8055","title":{"rendered":"Matematyka"},"content":{"rendered":"<p>Matematyki uczymy w zakresie podstawowym lub zakresie rozszerzonym. Matematyka w zakresie rozszerzonym jest realizowana w klasie turystycznej (A) i matematyczno-fizycznej (B).<\/p>\n<p>Nauczyciele matematyki s\u0105 czynnymi egzaminatorami Okr\u0119gowej Komisji Egzaminacyjnej oraz nauczycielami \u0107wiczeniowymi Uniwersytetu Pedagogicznego.<\/p>\n<p>Prowadzimy dodatkowe konsultacje dla maturzyst\u00f3w (poziom podstawowy i poziom rozszerzony). Organizujemy pr\u00f3bne matury z matematyki.<\/p>\n<p>Uczymy z podr\u0119cznik\u00f3w z wydawnictwa Oficyna Edukacyjna oraz z wydawnictwa Podkowa. U\u017cywamy tablicy multimedialnej. Posiadamy du\u017cy zas\u00f3b pomocy dydaktycznych: bry\u0142y przestrzenne, gry matematyczne, bogaty ksi\u0119gozbi\u00f3r zbior\u00f3w zada\u0144 i test\u00f3w maturalnych.<\/p>\n<p>Dla uczni\u00f3w zainteresowanych matematyk\u0105 organizujemy:<\/p>\n<ul>\n<li>konkursy: Szkolny Konkurs Matematyczny, Mi\u0119dzynarodowy Konkurs \u201eMatematyka bez granic\u201d, Kangur,<\/li>\n<li>zaj\u0119cia z matematyki w ramach projektu \u201eRok Zerowy AGH\u201d (30 godzinny kurs przygotowuj\u0105cy do matury na poziomie rozszerzonym i do udzia\u0142u w Olimpiadzie o Diamentowy Indeks AGH),<\/li>\n<li>maraton maturalny dla maturzyst\u00f3w.<\/li>\n<\/ul>\n<p>Lekcje matematyki w naszym liceum odbywaj\u0105 si\u0119 w atmosferze przyjaznej dla ucznia. Zapraszamy!<\/p>\n<p>&nbsp;<\/p>\n<p style=\"text-align: right;\"><em>Zesp\u00f3\u0142 nauczycieli matematyki<br \/>\n<\/em><\/p>\n<p>&nbsp;<\/p>\n<p>Zobacz:<\/p>\n<p><a href=\"https:\/\/www.wroblewski.krakow.pl\/?p=16879\">24.10.2023, \u201eWr\u00f3blewski\u201d w programie \u201eRok Zerowy AGH\u201d<\/a><\/p>\n<p><a href=\"https:\/\/www.wroblewski.krakow.pl\/?p=8014\">27.02.2019, Uczniowie klasy 1a wzi\u0119li udzia\u0142 w Mi\u0119dzynarodowym konkursie \u201eMath\u00e9matiques Sans Fronti\u00e8res\u201d \u2013 \u201eMatematyka bez granic\u201d &gt;&gt;&gt;&gt;<\/a><\/p>\n<p><a href=\"https:\/\/www.wroblewski.krakow.pl\/?p=7979\">24.02.2019, Matematyka jest dla ka\u017cdego! \u2013 II Etap Szkolnego Konkursu Matematycznego &gt;&gt;&gt;&gt;<\/a><\/p>\n<p><a href=\"https:\/\/www.wroblewski.krakow.pl\/?p=7904\">19.02.2019, \u201eWr\u00f3blewski\u201d w programie \u201eRok Zerowy AGH\u201d &gt;&gt;&gt;&gt;<\/a><\/p>\n<p><a href=\"https:\/\/www.wroblewski.krakow.pl\/?p=7759\">12.02.2019, Nasze Liceum w projekcie \u201eFraktal na stulecie\u201d &gt;&gt;&gt;&gt;<\/a><\/p>\n<p><a href=\"https:\/\/www.wroblewski.krakow.pl\/?p=7016\">17.11.2018, Matematyka jest dla ka\u017cdego! &#8211; Wyniki I etapu Szkolnego Konkursu Matematycznego &gt;&gt;&gt;&gt;<\/a><\/p>\n<p><a href=\"https:\/\/www.wroblewski.krakow.pl\/?p=6780\">01.11.2018, Mi\u0119dzynarodowy Konkurs \u201eMath\u00e9matiques Sans Fronti\u00e8res\u201d \u2013 \u201eMatematyka Bez Granic&#8221; \u2013 edycja polska &gt;&gt;&gt;&gt;<\/a><\/p>\n<p><a href=\"https:\/\/www.wroblewski.krakow.pl\/?p=6686\">24.10.2018, Matematyka jest dla ka\u017cdego! &#8211; Szkolny Konkurs Matematyczny &gt;&gt;&gt;&gt;<\/a><\/p>\n","protected":false},"excerpt":{"rendered":"<p>Matematyki uczymy w zakresie podstawowym lub zakresie rozszerzonym. Matematyka w zakresie rozszerzonym jest realizowana w klasie turystycznej (A) i matematyczno-fizycznej (B). Nauczyciele matematyki s\u0105 czynnymi egzaminatorami Okr\u0119gowej Komisji Egzaminacyjnej oraz nauczycielami \u0107wiczeniowymi Uniwersytetu Pedagogicznego. Prowadzimy dodatkowe konsultacje dla maturzyst\u00f3w (poziom podstawowy i poziom rozszerzony). Organizujemy pr\u00f3bne matury z matematyki. Uczymy z podr\u0119cznik\u00f3w z wydawnictwa Oficyna Edukacyjna oraz z wydawnictwa Podkowa. U\u017cywamy tablicy multimedialnej. Posiadamy du\u017cy zas\u00f3b pomocy dydaktycznych: bry\u0142y przestrzenne, gry matematyczne, bogaty ksi\u0119gozbi\u00f3r zbior\u00f3w zada\u0144 i test\u00f3w maturalnych. Dla uczni\u00f3w zainteresowanych matematyk\u0105 organizujemy: konkursy: Szkolny Konkurs Matematyczny, Mi\u0119dzynarodowy Konkurs \u201eMatematyka bez granic\u201d, Kangur, zaj\u0119cia z matematyki w ramach projektu [&hellip;]<\/p>\n","protected":false},"author":2,"featured_media":0,"parent":0,"menu_order":0,"comment_status":"closed","ping_status":"closed","template":"","meta":[],"_links":{"self":[{"href":"https:\/\/www.wroblewski.krakow.pl\/index.php?rest_route=\/wp\/v2\/pages\/8055"}],"collection":[{"href":"https:\/\/www.wroblewski.krakow.pl\/index.php?rest_route=\/wp\/v2\/pages"}],"about":[{"href":"https:\/\/www.wroblewski.krakow.pl\/index.php?rest_route=\/wp\/v2\/types\/page"}],"author":[{"embeddable":true,"href":"https:\/\/www.wroblewski.krakow.pl\/index.php?rest_route=\/wp\/v2\/users\/2"}],"replies":[{"embeddable":true,"href":"https:\/\/www.wroblewski.krakow.pl\/index.php?rest_route=%2Fwp%2Fv2%2Fcomments&post=8055"}],"version-history":[{"count":11,"href":"https:\/\/www.wroblewski.krakow.pl\/index.php?rest_route=\/wp\/v2\/pages\/8055\/revisions"}],"predecessor-version":[{"id":16882,"href":"https:\/\/www.wroblewski.krakow.pl\/index.php?rest_route=\/wp\/v2\/pages\/8055\/revisions\/16882"}],"wp:attachment":[{"href":"https:\/\/www.wroblewski.krakow.pl\/index.php?rest_route=%2Fwp%2Fv2%2Fmedia&parent=8055"}],"curies":[{"name":"wp","href":"https:\/\/api.w.org\/{rel}","templated":true}]}}