{"id":8470,"date":"2019-04-03T06:57:49","date_gmt":"2019-04-03T05:57:49","guid":{"rendered":"https:\/\/www.wroblewski.krakow.pl\/?page_id=8470"},"modified":"2026-04-06T19:11:09","modified_gmt":"2026-04-06T18:11:09","slug":"wroblewski-youtube","status":"publish","type":"page","link":"https:\/\/www.wroblewski.krakow.pl\/?page_id=8470","title":{"rendered":"Wr\u00f3blewski Youtube"},"content":{"rendered":"<p><a href=\"https:\/\/youtu.be\/h7nz5uJPibc\">Film prezentuj\u0105cy IX LO w Krakowie przez Samorz\u0105d Uczniowski, 24.03.2026 r. &gt;&gt;&gt;&gt;<\/a><\/p>\n<p><a href=\"https:\/\/youtu.be\/ZcokIuRaE-4\">Film prezentuj\u0105cy IX LO w Krakowie, 30.03.2026 r. &gt;&gt;&gt;&gt;<\/a><\/p>\n<p><a href=\"https:\/\/www.youtube.com\/watch?v=GRnO5KgxVWI\">IX LO w Krakowie, \u015awi\u0119to Konstytucji 3 Maja, Tango na g\u0142os, orkiestr\u0119 i jeszcze jeden g\u0142os, 30.04.2025 r. &gt;&gt;&gt;&gt;<\/a><\/p>\n<p><a href=\"https:\/\/www.youtube.com\/watch?v=jbr9CP_1WMo\">IX LO w Krakowie, \u015awi\u0119to Konstytucji 3 Maja, Polonez 3 Maja, 30.04.2025 r. &gt;&gt;&gt;&gt;<\/a><\/p>\n<p><a href=\"https:\/\/www.youtube.com\/watch?v=JOJ_dIEod_M\">IX LO w Krakowie, \u015awi\u0119to Konstytucji 3 Maja, Fragment obrad Sejmu Wielkiego, 30.04.2025 r. &gt;&gt;&gt;&gt;<\/a><\/p>\n<p><a href=\"https:\/\/www.youtube.com\/watch?v=f6eO6Booxeo\">IX LO w Krakowie, po\u017cegnanie abiturient\u00f3w, wyst\u0119p cheerleaderek, 25.04.2025 r. &gt;&gt;&gt;&gt;<\/a><\/p>\n<p><a href=\"https:\/\/www.youtube.com\/watch?v=XC7kMR0h1Mg\">IX LO w Krakowie, po\u017cegnanie abiturient\u00f3w, Lubi\u0119 wraca\u0107 tam, gdzie by\u0142em, 25.04.2025 r. &gt;&gt;&gt;&gt;<\/a><\/p>\n<p><a href=\"https:\/\/www.youtube.com\/watch?v=ksYJ5kv_nJs\">Film prezentuj\u0105cy IX LO w Krakowie, 04.04.2025 r. &gt;&gt;&gt;&gt;<\/a><\/p>\n<p><a href=\"https:\/\/youtu.be\/xQ7CKg6-0Yo\">Zako\u0144czenie roku szkolnego 2023-2024, 21.06.2024 r. &gt;&gt;&gt;&gt;<\/a><\/p>\n<p><a href=\"https:\/\/youtu.be\/VYk9dZFYk0A?si=_XWUcCoYHlvUXwf7\">Wizyta uczni\u00f3w i nauczycieli z T\u00f6m\u00f6rk\u00e9ny Istv\u00e1n Gimn\u00e1zium \u00e9s M\u0171v\u00e9szeti Szakk\u00f6z\u00e9piskola z Szeged na W\u0119grzech, 14.06.2024 r. &gt;&gt;&gt;&gt;<\/a><\/p>\n<p><a href=\"https:\/\/www.youtube.com\/watch?v=9PT7G5KaV2U\">II Mi\u0119dzyszkolne Igrzyska IX LO vs XVII LO, 04.06.2024 r. &gt;&gt;&gt;&gt;<\/a><\/p>\n<p><a href=\"https:\/\/www.youtube.com\/watch?v=G6Z90TFcD3s\">Zjazd z okazji Jubileuszu 65-lecia szko\u0142y, cz. 1, 25.05.2024 r. &gt;&gt;&gt;&gt;<\/a><\/p>\n<div><a href=\"https:\/\/youtu.be\/s0UqAuSZNtE\">Zjazd z okazji Jubileuszu 65-lecia szko\u0142y, cz. 2, 25.05.2024 r. &gt;&gt;&gt;&gt;<\/a><\/div>\n<p><a href=\"https:\/\/www.youtube.com\/watch?v=fbq0Z5ZRK0Y\">\u015awi\u0119to Konstytucji 3 Maja, 30.04.2024 r. &gt;&gt;&gt;&gt;<\/a><\/p>\n<p><a href=\"https:\/\/www.youtube.com\/watch?v=GX8KVBCvEOg\">Po\u017cegnanie Abiturient\u00f3w, 26.04.2024 r. &gt;&gt;&gt;&gt;<\/a><\/p>\n<p><a href=\"https:\/\/tiny.pl\/drrmg\">Film prezentuj\u0105cy IX LO Krak\u00f3w, Samorz\u0105d Uczniowski 2024 &gt;&gt;&gt;&gt;<\/a><\/p>\n<p><a href=\"https:\/\/www.youtube.com\/watch?v=GARLtLuGzRo&amp;t=4s\">Film prezentuj\u0105cy IX LO 2024 &gt;&gt;&gt;&gt;<\/a><\/p>\n<p><a href=\"https:\/\/www.youtube.com\/watch?v=9pWkIIpv-3w\">Otwarcie nowej hali sportowej, Jubileusz 65-lecia szko\u0142y, 19.10.2023 r. &gt;&gt;&gt;&gt;<\/a><\/p>\n<p><a href=\"https:\/\/www.youtube.com\/watch?v=nPBHVyLqKdM\">Film prezentuj\u0105cy IX LO 2023 &gt;&gt;&gt;<\/a><\/p>\n<p><a href=\"https:\/\/www.youtube.com\/watch?v=iyUZuZItaIM\">Budowa nowej hali sportowej, 01.06.2022 &gt;&gt;&gt;&gt;<\/a><\/p>\n<p><a href=\"https:\/\/youtu.be\/8d5ju9rvEZc\">Film prezentuj\u0105cy IX LO 2022 &gt;&gt;&gt;&gt;<\/a><\/p>\n<p><a href=\"https:\/\/www.youtube.com\/watch?v=J_6nzyeoziU\">3. Pokazy chemiczne Wr\u00f3blewskiego podczas Pikniku Krowoderskiego. 2 pa\u017adziernika 2021 r. &gt;&gt;&gt;<\/a><\/p>\n<p><a href=\"https:\/\/www.youtube.com\/watch?v=xqWv4jQ34rY\">2. Pokazy chemiczne Wr\u00f3blewskiego podczas Pikniku Krowoderskiego. 2 pa\u017adziernika 2021 r. &gt;&gt;&gt;<\/a><\/p>\n<p><a href=\"https:\/\/www.youtube.com\/watch?v=Xet7EfKNGLw\">1. Pokazy chemiczne Wr\u00f3blewskiego podczas Pikniku Krowoderskiego. 2 pa\u017adziernika 2021 r. &gt;&gt;&gt;<\/a><\/p>\n<p><a href=\"https:\/\/youtu.be\/HYa3i1BN8PQ\">Studni\u00f3wka 2019, 15.02.2019 &gt;&gt;&gt;<\/a><\/p>\n<p><a href=\"https:\/\/youtu.be\/L4lorEygNNo\">Jubileusz 60-lecia, Gala w Filharmonii Krakowskiej, 09.10.2018 &gt;&gt;&gt;&gt;<\/a><\/p>\n<p><a href=\"https:\/\/www.youtube.com\/watch?v=5ilRICqFP3U\">J\u0119zyk angielski w IX LO w Krakowie, 21.05.2021\u00a0 &gt;&gt;&gt;&gt;<\/a><\/p>\n","protected":false},"excerpt":{"rendered":"<p>Film prezentuj\u0105cy IX LO w Krakowie przez Samorz\u0105d Uczniowski, 24.03.2026 r. &gt;&gt;&gt;&gt; Film prezentuj\u0105cy IX LO w Krakowie, 30.03.2026 r. &gt;&gt;&gt;&gt; IX LO w Krakowie, \u015awi\u0119to Konstytucji 3 Maja, Tango na g\u0142os, orkiestr\u0119 i jeszcze jeden g\u0142os, 30.04.2025 r. &gt;&gt;&gt;&gt; IX LO w Krakowie, \u015awi\u0119to Konstytucji 3 Maja, Polonez 3 Maja, 30.04.2025 r. &gt;&gt;&gt;&gt; IX LO w Krakowie, \u015awi\u0119to Konstytucji 3 Maja, Fragment obrad Sejmu Wielkiego, 30.04.2025 r. &gt;&gt;&gt;&gt; IX LO w Krakowie, po\u017cegnanie abiturient\u00f3w, wyst\u0119p cheerleaderek, 25.04.2025 r. &gt;&gt;&gt;&gt; IX LO w Krakowie, po\u017cegnanie abiturient\u00f3w, Lubi\u0119 wraca\u0107 tam, gdzie by\u0142em, 25.04.2025 r. &gt;&gt;&gt;&gt; Film prezentuj\u0105cy IX LO w Krakowie, [&hellip;]<\/p>\n","protected":false},"author":2,"featured_media":0,"parent":0,"menu_order":0,"comment_status":"closed","ping_status":"closed","template":"","meta":[],"_links":{"self":[{"href":"https:\/\/www.wroblewski.krakow.pl\/index.php?rest_route=\/wp\/v2\/pages\/8470"}],"collection":[{"href":"https:\/\/www.wroblewski.krakow.pl\/index.php?rest_route=\/wp\/v2\/pages"}],"about":[{"href":"https:\/\/www.wroblewski.krakow.pl\/index.php?rest_route=\/wp\/v2\/types\/page"}],"author":[{"embeddable":true,"href":"https:\/\/www.wroblewski.krakow.pl\/index.php?rest_route=\/wp\/v2\/users\/2"}],"replies":[{"embeddable":true,"href":"https:\/\/www.wroblewski.krakow.pl\/index.php?rest_route=%2Fwp%2Fv2%2Fcomments&post=8470"}],"version-history":[{"count":27,"href":"https:\/\/www.wroblewski.krakow.pl\/index.php?rest_route=\/wp\/v2\/pages\/8470\/revisions"}],"predecessor-version":[{"id":21088,"href":"https:\/\/www.wroblewski.krakow.pl\/index.php?rest_route=\/wp\/v2\/pages\/8470\/revisions\/21088"}],"wp:attachment":[{"href":"https:\/\/www.wroblewski.krakow.pl\/index.php?rest_route=%2Fwp%2Fv2%2Fmedia&parent=8470"}],"curies":[{"name":"wp","href":"https:\/\/api.w.org\/{rel}","templated":true}]}}