{"id":9104,"date":"2019-09-16T14:40:19","date_gmt":"2019-09-16T13:40:19","guid":{"rendered":"https:\/\/www.wroblewski.krakow.pl\/?page_id=9104"},"modified":"2019-09-16T14:49:19","modified_gmt":"2019-09-16T13:49:19","slug":"regulamin-zmiany-oddzialu","status":"publish","type":"page","link":"https:\/\/www.wroblewski.krakow.pl\/?page_id=9104","title":{"rendered":"Regulamin zmiany oddzia\u0142u"},"content":{"rendered":"<p><b>REGULAMIN ZMIANY ODDZIA\u0141U KLASOWEGO PRZEZ UCZNIA IX LO<br \/>\n<\/b><br \/>\nI. Je\u017celi w danym oddziale klasowym jest wolne miejsce, przeniesienie ucznia do r\u00f3wnoleg\u0142ej klasy o innym profilu (r\u00f3\u017cne przedmioty realizowane na poziomie rozszerzonym) mo\u017cliwe jest za zgod\u0105 Dyrektora szko\u0142y po spe\u0142nieniu przez Ucznia nast\u0119puj\u0105cych warunk\u00f3w:<\/p>\n<p>1. Po zako\u0144czeniu klasyfikacji ko\u0144coworocznej Ucze\u0144 sk\u0142ada do Dyrektora szko\u0142y podanie z uzasadnieniem oraz opini\u0105 Wychowawcy na sw\u00f3j temat (zawieraj\u0105c\u0105 mi\u0119dzy innymi informacje o wynikach klasyfikacji, zachowaniu i systematyczno\u015bci w ucz\u0119szczaniu na lekcje w ci\u0105gu ca\u0142ego roku szkolnego) oraz<\/p>\n<p>2. Ucze\u0144 przyst\u0119puje do egzaminu (pisemny i ustny) z przedmiotu\/ przedmiot\u00f3w, kt\u00f3ry w klasie pierwszej i\/ lub drugiej realizowany by\u0142 na poziomie rozszerzonym. Ucze\u0144 musi uzyska\u0107 pozytywn\u0105 ocen\u0119 z obydwu cz\u0119\u015bci egzaminu. Egzaminy odbywaj\u0105 si\u0119 w ostatnim tygodniu sierpnia. Zakres materia\u0142u oraz arkusz egzaminacyjny przygotowuje Nauczyciel\/ Nauczyciele ucz\u0105cy w klasie, do kt\u00f3rej aspiruje Ucze\u0144.<\/p>\n<p>II. W uzasadnionych przypadkach zmiana klasy nast\u0105pi\u0107 mo\u017ce po klasyfikacji \u015br\u00f3drocznej lub w innym okresie roku szkolnego. Ucze\u0144 sk\u0142ada do Dyrektora szko\u0142y podanie z uzasadnieniem oraz opini\u0105 Wychowawcy na sw\u00f3j temat (zawieraj\u0105c\u0105 mi\u0119dzy innymi informacje o ocenach bie\u017c\u0105cych, zachowaniu i frekwencji na zaj\u0119ciach) oraz przyst\u0119puje do egzaminu (pisemny i ustny) z przedmiotu\/ przemiot\u00f3w, kt\u00f3ry w klasie pierwszej i\/ lub drugiej (do kt\u00f3rej Ucze\u0144 chce si\u0119 przenie\u015b\u0107) realizowany by\u0142 na poziomie rozszerzonym. Ucze\u0144 musi uzyska\u0107 pozytywn\u0105 ocen\u0119 z obydwu cz\u0119\u015bci egzaminu. Zakres materia\u0142u oraz arkusz egzaminacyjny przygotowuje Nauczyciel\/ Nauczyciele ucz\u0105cy w klasie, do kt\u00f3rej aspiruje Ucze\u0144. Termin egzaminu ustala Dyrektor szko\u0142y w porozumieniu z Nauczycielem egzaminatorem.<\/p>\n<p>&nbsp;<\/p>\n<p>III. Dodatkowe warunki przeniesienia Ucznia ustala Dyrektor szko\u0142y.<\/p>\n","protected":false},"excerpt":{"rendered":"<p>REGULAMIN ZMIANY ODDZIA\u0141U KLASOWEGO PRZEZ UCZNIA IX LO I. Je\u017celi w danym oddziale klasowym jest wolne miejsce, przeniesienie ucznia do r\u00f3wnoleg\u0142ej klasy o innym profilu (r\u00f3\u017cne przedmioty realizowane na poziomie rozszerzonym) mo\u017cliwe jest za zgod\u0105 Dyrektora szko\u0142y po spe\u0142nieniu przez Ucznia nast\u0119puj\u0105cych warunk\u00f3w: 1. Po zako\u0144czeniu klasyfikacji ko\u0144coworocznej Ucze\u0144 sk\u0142ada do Dyrektora szko\u0142y podanie z uzasadnieniem oraz opini\u0105 Wychowawcy na sw\u00f3j temat (zawieraj\u0105c\u0105 mi\u0119dzy innymi informacje o wynikach klasyfikacji, zachowaniu i systematyczno\u015bci w ucz\u0119szczaniu na lekcje w ci\u0105gu ca\u0142ego roku szkolnego) oraz 2. Ucze\u0144 przyst\u0119puje do egzaminu (pisemny i ustny) z przedmiotu\/ przedmiot\u00f3w, kt\u00f3ry w klasie pierwszej i\/ lub drugiej [&hellip;]<\/p>\n","protected":false},"author":2,"featured_media":0,"parent":0,"menu_order":0,"comment_status":"closed","ping_status":"closed","template":"","meta":[],"_links":{"self":[{"href":"https:\/\/www.wroblewski.krakow.pl\/index.php?rest_route=\/wp\/v2\/pages\/9104"}],"collection":[{"href":"https:\/\/www.wroblewski.krakow.pl\/index.php?rest_route=\/wp\/v2\/pages"}],"about":[{"href":"https:\/\/www.wroblewski.krakow.pl\/index.php?rest_route=\/wp\/v2\/types\/page"}],"author":[{"embeddable":true,"href":"https:\/\/www.wroblewski.krakow.pl\/index.php?rest_route=\/wp\/v2\/users\/2"}],"replies":[{"embeddable":true,"href":"https:\/\/www.wroblewski.krakow.pl\/index.php?rest_route=%2Fwp%2Fv2%2Fcomments&post=9104"}],"version-history":[{"count":4,"href":"https:\/\/www.wroblewski.krakow.pl\/index.php?rest_route=\/wp\/v2\/pages\/9104\/revisions"}],"predecessor-version":[{"id":9118,"href":"https:\/\/www.wroblewski.krakow.pl\/index.php?rest_route=\/wp\/v2\/pages\/9104\/revisions\/9118"}],"wp:attachment":[{"href":"https:\/\/www.wroblewski.krakow.pl\/index.php?rest_route=%2Fwp%2Fv2%2Fmedia&parent=9104"}],"curies":[{"name":"wp","href":"https:\/\/api.w.org\/{rel}","templated":true}]}}